{"id":555,"date":"2023-07-11T13:52:46","date_gmt":"2023-07-11T11:52:46","guid":{"rendered":"https:\/\/dev.alternetis.fr\/?page_id=555"},"modified":"2023-09-18T14:58:14","modified_gmt":"2023-09-18T12:58:14","slug":"developpement-specifique","status":"publish","type":"page","link":"https:\/\/www.alternetis.fr\/en\/applications\/developpement-specifique\/","title":{"rendered":"Specific developments"},"content":{"rendered":"<div data-elementor-type=\"wp-page\" data-elementor-id=\"555\" class=\"elementor elementor-555\" data-elementor-post-type=\"page\">\n\t\t\t\t<div class=\"elementor-element elementor-element-5f01795 e-con-full e-flex e-con e-parent\" data-id=\"5f01795\" data-element_type=\"container\" data-e-type=\"container\" data-settings=\"{&quot;background_background&quot;:&quot;classic&quot;}\">\n\t\t\t\t<div class=\"elementor-element elementor-element-bf4aa46 elementor-widget elementor-widget-heading\" data-id=\"bf4aa46\" data-element_type=\"widget\" data-e-type=\"widget\" data-widget_type=\"heading.default\">\n\t\t\t\t<div class=\"elementor-widget-container\">\n\t\t\t\t\t<h1 class=\"elementor-heading-title elementor-size-default\">Specific developments<\/h1>\t\t\t\t<\/div>\n\t\t\t\t<\/div>\n\t\t\t\t<\/div>\n\t\t<div class=\"elementor-element elementor-element-d25c4d2 e-flex e-con-boxed e-con e-parent\" data-id=\"d25c4d2\" data-element_type=\"container\" data-e-type=\"container\">\n\t\t\t\t\t<div class=\"e-con-inner\">\n\t\t\t\t<div class=\"elementor-element elementor-element-d7daad5 elementor-widget elementor-widget-heading\" data-id=\"d7daad5\" data-element_type=\"widget\" data-e-type=\"widget\" data-widget_type=\"heading.default\">\n\t\t\t\t<div class=\"elementor-widget-container\">\n\t\t\t\t\t<h2 class=\"elementor-heading-title elementor-size-default\">SPECIFIC DEVELOPMENTS FOR CUSTOMIZED SOLUTIONS TO MEET YOUR SAGE NEEDS<\/h2>\t\t\t\t<\/div>\n\t\t\t\t<\/div>\n\t\t\t\t<div class=\"elementor-element elementor-element-dd01ffb elementor-widget__width-initial elementor-widget elementor-widget-text-editor\" data-id=\"dd01ffb\" data-element_type=\"widget\" data-e-type=\"widget\" data-widget_type=\"text-editor.default\">\n\t\t\t\t<div class=\"elementor-widget-container\">\n\t\t\t\t\t\t\t\t\t<p>Here at Alternetis, we understand that every business has specific management needs and that standard solutions are not always sufficient to meet these unique requirements. That's why we offer specific developments for Sage. We create customised modules on request, perfectly adapted to your specific needs.<\/p>\t\t\t\t\t\t\t\t<\/div>\n\t\t\t\t<\/div>\n\t\t<div class=\"elementor-element elementor-element-a3410a4 e-flex e-con-boxed e-con e-parent\" data-id=\"a3410a4\" data-element_type=\"container\" data-e-type=\"container\">\n\t\t\t\t\t<div class=\"e-con-inner\">\n\t\t<div class=\"elementor-element elementor-element-cb77c1f e-con-full e-flex e-con e-parent\" data-id=\"cb77c1f\" data-element_type=\"container\" data-e-type=\"container\">\n\t\t\t\t<div class=\"elementor-element elementor-element-a504fb5 elementor-widget elementor-widget-heading\" data-id=\"a504fb5\" data-element_type=\"widget\" data-e-type=\"widget\" data-widget_type=\"heading.default\">\n\t\t\t\t<div class=\"elementor-widget-container\">\n\t\t\t\t\t<h3 class=\"elementor-heading-title elementor-size-default\">Our personalized approach for a tailor-made solution<\/h3>\t\t\t\t<\/div>\n\t\t\t\t<\/div>\n\t\t\t\t<div class=\"elementor-element elementor-element-e8dfa72 elementor-widget elementor-widget-text-editor\" data-id=\"e8dfa72\" data-element_type=\"widget\" data-e-type=\"widget\" data-widget_type=\"text-editor.default\">\n\t\t\t\t<div class=\"elementor-widget-container\">\n\t\t\t\t\t\t\t\t\t<p>When it comes to developing specific modules for Sage, we take a personalized, collaborative approach. Our team of software development experts works closely with you to understand your needs, analyze your business processes and identify the key functionalities you wish to integrate into your solution.<\/p>\t\t\t\t\t\t\t\t<\/div>\n\t\t\t\t<\/div>\n\t\t\t\t<div class=\"elementor-element elementor-element-207f8c0 elementor-widget elementor-widget-text-editor\" data-id=\"207f8c0\" data-element_type=\"widget\" data-e-type=\"widget\" data-widget_type=\"text-editor.default\">\n\t\t\t\t<div class=\"elementor-widget-container\">\n\t\t\t\t\t\t\t\t\t<p>We are committed to providing you with a tailor-made solution that meets your needs perfectly, taking into account both your functional and technical requirements. Our team uses best development practices to guarantee the quality, stability and performance of your customized module.<\/p>\t\t\t\t\t\t\t\t<\/div>\n\t\t\t\t<\/div>\n\t\t\t\t<\/div>\n\t\t\t\t<div class=\"elementor-element elementor-element-ab2fe0f elementor-widget elementor-widget-image\" data-id=\"ab2fe0f\" data-element_type=\"widget\" data-e-type=\"widget\" data-widget_type=\"image.default\">\n\t\t\t\t<div class=\"elementor-widget-container\">\n\t\t\t\t\t\t\t\t\t\t\t\t\t\t\t<img fetchpriority=\"high\" decoding=\"async\" width=\"1024\" height=\"679\" src=\"https:\/\/www.alternetis.fr\/wp-content\/uploads\/2023\/07\/Illustration1-1024x679.png\" class=\"attachment-large size-large wp-image-941\" alt=\"Alternetis - Editeurs de solution mestiers sur SAGE depuis 2009\" srcset=\"https:\/\/www.alternetis.fr\/wp-content\/uploads\/2023\/07\/Illustration1-1024x679.png 1024w, https:\/\/www.alternetis.fr\/wp-content\/uploads\/2023\/07\/Illustration1-300x199.png 300w, https:\/\/www.alternetis.fr\/wp-content\/uploads\/2023\/07\/Illustration1-768x509.png 768w, https:\/\/www.alternetis.fr\/wp-content\/uploads\/2023\/07\/Illustration1-1536x1018.png 1536w, https:\/\/www.alternetis.fr\/wp-content\/uploads\/2023\/07\/Illustration1-18x12.png 18w, https:\/\/www.alternetis.fr\/wp-content\/uploads\/2023\/07\/Illustration1.png 1972w\" sizes=\"(max-width: 1024px) 100vw, 1024px\" \/>\t\t\t\t\t\t\t\t\t\t\t\t\t\t\t<\/div>\n\t\t\t\t<\/div>\n\t\t\t\t\t<\/div>\n\t\t\t\t<\/div>\n\t\t\t\t<div class=\"elementor-element elementor-element-d8dd972 elementor-widget elementor-widget-heading\" data-id=\"d8dd972\" data-element_type=\"widget\" data-e-type=\"widget\" data-widget_type=\"heading.default\">\n\t\t\t\t<div class=\"elementor-widget-container\">\n\t\t\t\t\t<h3 class=\"elementor-heading-title elementor-size-default\">A range of specific developments for Sage\n\n<\/h3>\t\t\t\t<\/div>\n\t\t\t\t<\/div>\n\t\t\t\t<div class=\"elementor-element elementor-element-fc36e79 elementor-widget elementor-widget-text-editor\" data-id=\"fc36e79\" data-element_type=\"widget\" data-e-type=\"widget\" data-widget_type=\"text-editor.default\">\n\t\t\t\t<div class=\"elementor-widget-container\">\n\t\t\t\t\t\t\t\t\t<p>Our Sage-specific developments cover a wide range of functionalities and requirements. Whether you need to integrate complex workflows, customize reports and dashboards, automate specific tasks or create unique functionalities, our team is here to accompany you.<\/p>\t\t\t\t\t\t\t\t<\/div>\n\t\t\t\t<\/div>\n\t\t\t\t<div class=\"elementor-element elementor-element-29ae221 elementor-widget__width-initial elementor-widget elementor-widget-text-editor\" data-id=\"29ae221\" data-element_type=\"widget\" data-e-type=\"widget\" data-widget_type=\"text-editor.default\">\n\t\t\t\t<div class=\"elementor-widget-container\">\n\t\t\t\t\t\t\t\t\t<p>Our team will use all its skills and expertise to develop a customized module that perfectly meets your needs. We are committed to providing reliable, robust and scalable solutions that will enable you to optimize your management and get the most out of your Sage system.<\/p>\t\t\t\t\t\t\t\t<\/div>\n\t\t\t\t<\/div>\n\t\t\t\t\t<\/div>\n\t\t\t\t<\/div>\n\t\t<div class=\"elementor-element elementor-element-1a0831c e-flex e-con-boxed e-con e-parent\" data-id=\"1a0831c\" data-element_type=\"container\" data-e-type=\"container\">\n\t\t\t\t\t<div class=\"e-con-inner\">\n\t\t<div class=\"elementor-element elementor-element-971ebc9 e-flex e-con-boxed e-con e-parent\" data-id=\"971ebc9\" data-element_type=\"container\" data-e-type=\"container\">\n\t\t\t\t\t<div class=\"e-con-inner\">\n\t\t<div class=\"elementor-element elementor-element-d2f346b e-flex e-con-boxed e-con e-parent\" data-id=\"d2f346b\" data-element_type=\"container\" data-e-type=\"container\">\n\t\t\t\t\t<div class=\"e-con-inner\">\n\t\t\t\t<div class=\"elementor-element elementor-element-d020412 elementor-widget elementor-widget-text-editor\" data-id=\"d020412\" data-element_type=\"widget\" data-e-type=\"widget\" data-widget_type=\"text-editor.default\">\n\t\t\t\t<div class=\"elementor-widget-container\">\n\t\t\t\t\t\t\t\t\t<p>Interested in a solution?<\/p>\t\t\t\t\t\t\t\t<\/div>\n\t\t\t\t<\/div>\n\t\t\t\t<div class=\"elementor-element elementor-element-0a49e81 elementor-widget elementor-widget-heading\" data-id=\"0a49e81\" data-element_type=\"widget\" data-e-type=\"widget\" data-widget_type=\"heading.default\">\n\t\t\t\t<div class=\"elementor-widget-container\">\n\t\t\t\t\t<h2 class=\"elementor-heading-title elementor-size-default\">Contact us<\/h2>\t\t\t\t<\/div>\n\t\t\t\t<\/div>\n\t\t\t\t\t<\/div>\n\t\t\t\t<\/div>\n\t\t\t\t<div class=\"elementor-element elementor-element-4aefcd2 elementor-widget elementor-widget-text-editor\" data-id=\"4aefcd2\" data-element_type=\"widget\" data-e-type=\"widget\" data-widget_type=\"text-editor.default\">\n\t\t\t\t<div class=\"elementor-widget-container\">\n\t\t\t\t\t\t\t\t\t<p>Would you like to request a software demo or learn more?<br \/>We're always happy to discuss these matters by phone or over a cup of coffee.<\/p>\t\t\t\t\t\t\t\t<\/div>\n\t\t\t\t<\/div>\n\t\t\t\t<div class=\"elementor-element elementor-element-e0f8074 elementor-align-center elementor-widget elementor-widget-button\" data-id=\"e0f8074\" data-element_type=\"widget\" data-e-type=\"widget\" data-widget_type=\"button.default\">\n\t\t\t\t<div class=\"elementor-widget-container\">\n\t\t\t\t\t\t\t\t\t<div class=\"elementor-button-wrapper\">\n\t\t\t\t\t<a class=\"elementor-button elementor-button-link elementor-size-md\" href=\"\/en\/contact\/\">\n\t\t\t\t\t\t<span class=\"elementor-button-content-wrapper\">\n\t\t\t\t\t\t\t\t\t<span class=\"elementor-button-text\">Get in touch<\/span>\n\t\t\t\t\t<\/span>\n\t\t\t\t\t<\/a>\n\t\t\t\t<\/div>\n\t\t\t\t\t\t\t\t<\/div>\n\t\t\t\t<\/div>\n\t\t\t\t\t<\/div>\n\t\t\t\t<\/div>\n\t\t<div class=\"elementor-element elementor-element-b17c403 e-con-full e-flex e-con e-parent\" data-id=\"b17c403\" data-element_type=\"container\" data-e-type=\"container\">\n\t\t\t\t<div class=\"elementor-element elementor-element-34511cc elementor-absolute elementor-widget elementor-widget-image\" data-id=\"34511cc\" data-element_type=\"widget\" data-e-type=\"widget\" data-settings=\"{&quot;_position&quot;:&quot;absolute&quot;}\" data-widget_type=\"image.default\">\n\t\t\t\t<div class=\"elementor-widget-container\">\n\t\t\t\t\t\t\t\t\t\t\t\t\t\t\t<img decoding=\"async\" width=\"68\" height=\"99\" src=\"https:\/\/www.alternetis.fr\/wp-content\/uploads\/2023\/07\/Particles-vector.svg\" class=\"attachment-large size-large wp-image-324\" alt=\"Alternetis - Editeurs de solution m\u00e9tiers sur SAGE depuis 2009 - GROUPE SYSTEOS\" \/>\t\t\t\t\t\t\t\t\t\t\t\t\t\t\t<\/div>\n\t\t\t\t<\/div>\n\t\t\t\t<div class=\"elementor-element elementor-element-bdbec87 e-transform elementor-widget elementor-widget-image\" data-id=\"bdbec87\" data-element_type=\"widget\" data-e-type=\"widget\" data-settings=\"{&quot;_transform_flipX_effect&quot;:&quot;transform&quot;}\" data-widget_type=\"image.default\">\n\t\t\t\t<div class=\"elementor-widget-container\">\n\t\t\t\t\t\t\t\t\t\t\t\t\t\t\t<img decoding=\"async\" width=\"768\" height=\"1152\" src=\"https:\/\/www.alternetis.fr\/wp-content\/uploads\/2023\/07\/Contact-Us-768x1152.jpg\" class=\"attachment-medium_large size-medium_large wp-image-264\" alt=\"Alternetis - Extentions pour SAGE 100\" srcset=\"https:\/\/www.alternetis.fr\/wp-content\/uploads\/2023\/07\/Contact-Us-768x1152.jpg 768w, https:\/\/www.alternetis.fr\/wp-content\/uploads\/2023\/07\/Contact-Us-200x300.jpg 200w, https:\/\/www.alternetis.fr\/wp-content\/uploads\/2023\/07\/Contact-Us-683x1024.jpg 683w, https:\/\/www.alternetis.fr\/wp-content\/uploads\/2023\/07\/Contact-Us-1024x1536.jpg 1024w, https:\/\/www.alternetis.fr\/wp-content\/uploads\/2023\/07\/Contact-Us-1365x2048.jpg 1365w, https:\/\/www.alternetis.fr\/wp-content\/uploads\/2023\/07\/Contact-Us-8x12.jpg 8w, https:\/\/www.alternetis.fr\/wp-content\/uploads\/2023\/07\/Contact-Us-scaled.jpg 1707w\" sizes=\"(max-width: 768px) 100vw, 768px\" \/>\t\t\t\t\t\t\t\t\t\t\t\t\t\t\t<\/div>\n\t\t\t\t<\/div>\n\t\t\t\t<div class=\"elementor-element elementor-element-d885b4a elementor-absolute elementor-hidden-mobile elementor-widget elementor-widget-html\" data-id=\"d885b4a\" data-element_type=\"widget\" data-e-type=\"widget\" data-settings=\"{&quot;_position&quot;:&quot;absolute&quot;}\" data-widget_type=\"html.default\">\n\t\t\t\t<div class=\"elementor-widget-container\">\n\t\t\t\t\t<div class=\"decorative-rectangle\" style=\"    width: 18rem;    height: 25.375rem; flex-shrink: 0; background-color: rgba(236, 237, 238, 0.95) ;}\">\n    <style>\n    \n    width: 18rem;\n    height: 25,375rem;\n    \n    <\/style>\n<\/div>\t\t\t\t<\/div>\n\t\t\t\t<\/div>\n\t\t\t\t<\/div>\n\t\t\t\t\t<\/div>\n\t\t\t\t<\/div>\n\t\t\t\t<\/div>","protected":false},"excerpt":{"rendered":"<p>D\u00e9veloppements sp\u00e9cifiques D\u00c9VELOPPEMENTS SP\u00c9CIFIQUES POUR UNE ADAPTATION SUR MESURE \u00c0 VOS BESOINS SAGE Chez Alternetis, nous comprenons que chaque entreprise a des besoins sp\u00e9cifiques en mati\u00e8re de gestion et que les solutions standard ne suffisent pas toujours \u00e0 r\u00e9pondre \u00e0 ces exigences uniques. C&rsquo;est pourquoi nous proposons des d\u00e9veloppements sp\u00e9cifiques pour Sage. Ainsi nous cr\u00e9ons&hellip;&nbsp;<a href=\"https:\/\/www.alternetis.fr\/en\/applications\/developpement-specifique\/\" rel=\"bookmark\">Read More &raquo;<span class=\"screen-reader-text\">Specific developments<\/span><\/a><\/p>","protected":false},"author":2,"featured_media":0,"parent":80,"menu_order":0,"comment_status":"closed","ping_status":"closed","template":"page-templates\/template-pagebuilder-full-width.php","meta":{"om_disable_all_campaigns":false,"_monsterinsights_skip_tracking":false,"_monsterinsights_sitenote_active":false,"_monsterinsights_sitenote_note":"","_monsterinsights_sitenote_category":0,"neve_meta_sidebar":"","neve_meta_container":"","neve_meta_enable_content_width":"","neve_meta_content_width":0,"neve_meta_title_alignment":"","neve_meta_author_avatar":"","neve_post_elements_order":"","neve_meta_disable_header":"","neve_meta_disable_footer":"","neve_meta_disable_title":"","footnotes":""},"class_list":["post-555","page","type-page","status-publish","hentry"],"aioseo_notices":[],"jetpack_sharing_enabled":true,"_links":{"self":[{"href":"https:\/\/www.alternetis.fr\/en\/wp-json\/wp\/v2\/pages\/555","targetHints":{"allow":["GET"]}}],"collection":[{"href":"https:\/\/www.alternetis.fr\/en\/wp-json\/wp\/v2\/pages"}],"about":[{"href":"https:\/\/www.alternetis.fr\/en\/wp-json\/wp\/v2\/types\/page"}],"author":[{"embeddable":true,"href":"https:\/\/www.alternetis.fr\/en\/wp-json\/wp\/v2\/users\/2"}],"replies":[{"embeddable":true,"href":"https:\/\/www.alternetis.fr\/en\/wp-json\/wp\/v2\/comments?post=555"}],"version-history":[{"count":26,"href":"https:\/\/www.alternetis.fr\/en\/wp-json\/wp\/v2\/pages\/555\/revisions"}],"predecessor-version":[{"id":1144,"href":"https:\/\/www.alternetis.fr\/en\/wp-json\/wp\/v2\/pages\/555\/revisions\/1144"}],"up":[{"embeddable":true,"href":"https:\/\/www.alternetis.fr\/en\/wp-json\/wp\/v2\/pages\/80"}],"wp:attachment":[{"href":"https:\/\/www.alternetis.fr\/en\/wp-json\/wp\/v2\/media?parent=555"}],"curies":[{"name":"wp","href":"https:\/\/api.w.org\/{rel}","templated":true}]}}