{"id":550,"date":"2023-07-11T13:50:54","date_gmt":"2023-07-11T11:50:54","guid":{"rendered":"https:\/\/dev.alternetis.fr\/?page_id=550"},"modified":"2024-10-21T17:09:42","modified_gmt":"2024-10-21T15:09:42","slug":"easylogistic100","status":"publish","type":"page","link":"https:\/\/www.alternetis.fr\/en\/applications\/easylogistic100\/","title":{"rendered":"EasyLogistic 100"},"content":{"rendered":"<div data-elementor-type=\"wp-page\" data-elementor-id=\"550\" class=\"elementor elementor-550\" data-elementor-post-type=\"page\">\n\t\t\t\t<div class=\"elementor-element elementor-element-170f285 e-con-full e-flex e-con e-parent\" data-id=\"170f285\" data-element_type=\"container\" data-e-type=\"container\" data-settings=\"{&quot;background_background&quot;:&quot;classic&quot;}\">\n\t\t\t\t<div class=\"elementor-element elementor-element-b92e9af elementor-widget elementor-widget-heading\" data-id=\"b92e9af\" data-element_type=\"widget\" data-e-type=\"widget\" data-widget_type=\"heading.default\">\n\t\t\t\t<div class=\"elementor-widget-container\">\n\t\t\t\t\t<h1 class=\"elementor-heading-title elementor-size-default\">EasyLogistic 100<\/h1>\t\t\t\t<\/div>\n\t\t\t\t<\/div>\n\t\t\t\t<\/div>\n\t\t<div class=\"elementor-element elementor-element-af3dfc5 e-flex e-con-boxed e-con e-parent\" data-id=\"af3dfc5\" data-element_type=\"container\" data-e-type=\"container\">\n\t\t\t\t\t<div class=\"e-con-inner\">\n\t\t\t\t<div class=\"elementor-element elementor-element-ddc17d0 elementor-widget elementor-widget-heading\" data-id=\"ddc17d0\" data-element_type=\"widget\" data-e-type=\"widget\" data-widget_type=\"heading.default\">\n\t\t\t\t<div class=\"elementor-widget-container\">\n\t\t\t\t\t<h2 class=\"elementor-heading-title elementor-size-default\">MANAGE YOUR STOCK WITH EASE WITH EASYLOGISTIC 100<\/h2>\t\t\t\t<\/div>\n\t\t\t\t<\/div>\n\t\t\t\t<div class=\"elementor-element elementor-element-008a3ee elementor-widget__width-initial elementor-widget elementor-widget-text-editor\" data-id=\"008a3ee\" data-element_type=\"widget\" data-e-type=\"widget\" data-widget_type=\"text-editor.default\">\n\t\t\t\t<div class=\"elementor-widget-container\">\n\t\t\t\t\t\t\t\t\t<p>EasyLogistic 100 is a WMS software package connected to Sage 100c, designed to make your shipping and receiving operations simpler and more reliable. With an ergonomic interface optimised for use in the warehouse, EasyLogistic offers an easy, intuitive user experience. It is suitable for all types of device, including tablets, mobile phones, computers and PDAs.<\/p>\t\t\t\t\t\t\t\t<\/div>\n\t\t\t\t<\/div>\n\t\t\t\t<div class=\"elementor-element elementor-element-5a7cfd0 elementor-widget elementor-widget-heading\" data-id=\"5a7cfd0\" data-element_type=\"widget\" data-e-type=\"widget\" data-widget_type=\"heading.default\">\n\t\t\t\t<div class=\"elementor-widget-container\">\n\t\t\t\t\t<h3 class=\"elementor-heading-title elementor-size-default\">Connected in real time to Sage 100c<\/h3>\t\t\t\t<\/div>\n\t\t\t\t<\/div>\n\t\t\t\t<div class=\"elementor-element elementor-element-7da9464 elementor-widget elementor-widget-text-editor\" data-id=\"7da9464\" data-element_type=\"widget\" data-e-type=\"widget\" data-widget_type=\"text-editor.default\">\n\t\t\t\t<div class=\"elementor-widget-container\">\n\t\t\t\t\t\t\t\t\t<p>EasyLogistic 100 is connected in real time to your Sage 100c management system via WiFi or mobile data. The software is used in RDP mode, offering a smooth and secure remote connection experience.<\/p>\t\t\t\t\t\t\t\t<\/div>\n\t\t\t\t<\/div>\n\t\t<div class=\"elementor-element elementor-element-fe59c5a e-flex e-con-boxed e-con e-parent\" data-id=\"fe59c5a\" data-element_type=\"container\" data-e-type=\"container\">\n\t\t\t\t\t<div class=\"e-con-inner\">\n\t\t<div class=\"elementor-element elementor-element-06fcc6e e-con-full e-flex e-con e-parent\" data-id=\"06fcc6e\" data-element_type=\"container\" data-e-type=\"container\">\n\t\t\t\t<div class=\"elementor-element elementor-element-2643235 elementor-widget elementor-widget-heading\" data-id=\"2643235\" data-element_type=\"widget\" data-e-type=\"widget\" data-widget_type=\"heading.default\">\n\t\t\t\t<div class=\"elementor-widget-container\">\n\t\t\t\t\t<h3 class=\"elementor-heading-title elementor-size-default\">Sage 100c supplier order entry<\/h3>\t\t\t\t<\/div>\n\t\t\t\t<\/div>\n\t\t\t\t<div class=\"elementor-element elementor-element-e968afd elementor-widget elementor-widget-text-editor\" data-id=\"e968afd\" data-element_type=\"widget\" data-e-type=\"widget\" data-widget_type=\"text-editor.default\">\n\t\t\t\t<div class=\"elementor-widget-container\">\n\t\t\t\t\t\t\t\t\t<p>With EasyLogistic 100, you can receive Sage 100c supplier orders quickly and without retyping errors, using a mobile terminal. The software supports the management of batch\/series packaging, expiration dates and ranges. You can also print bar-coded item labels when goods are received, as well as delivery notes and backorders.<\/p>\t\t\t\t\t\t\t\t<\/div>\n\t\t\t\t<\/div>\n\t\t\t\t<\/div>\n\t\t\t\t<div class=\"elementor-element elementor-element-123cacd elementor-widget elementor-widget-image\" data-id=\"123cacd\" data-element_type=\"widget\" data-e-type=\"widget\" data-widget_type=\"image.default\">\n\t\t\t\t<div class=\"elementor-widget-container\">\n\t\t\t\t\t\t\t\t\t\t\t\t\t\t\t<img fetchpriority=\"high\" decoding=\"async\" width=\"1024\" height=\"683\" src=\"https:\/\/www.alternetis.fr\/wp-content\/uploads\/2023\/07\/Illustration-4-1024x683.png\" class=\"attachment-large size-large wp-image-969\" alt=\"Alternetis - Editeurs de solution m\u00e9tiers sur SAGE depuis 2009 - GROUPE SYSTEOS\" srcset=\"https:\/\/www.alternetis.fr\/wp-content\/uploads\/2023\/07\/Illustration-4-1024x683.png 1024w, https:\/\/www.alternetis.fr\/wp-content\/uploads\/2023\/07\/Illustration-4-300x200.png 300w, https:\/\/www.alternetis.fr\/wp-content\/uploads\/2023\/07\/Illustration-4-768x512.png 768w, https:\/\/www.alternetis.fr\/wp-content\/uploads\/2023\/07\/Illustration-4-1536x1024.png 1536w, https:\/\/www.alternetis.fr\/wp-content\/uploads\/2023\/07\/Illustration-4-2048x1365.png 2048w, https:\/\/www.alternetis.fr\/wp-content\/uploads\/2023\/07\/Illustration-4-18x12.png 18w, https:\/\/www.alternetis.fr\/wp-content\/uploads\/2023\/07\/Illustration-4-930x620.png 930w\" sizes=\"(max-width: 1024px) 100vw, 1024px\" \/>\t\t\t\t\t\t\t\t\t\t\t\t\t\t\t<\/div>\n\t\t\t\t<\/div>\n\t\t\t\t\t<\/div>\n\t\t\t\t<\/div>\n\t\t\t\t<div class=\"elementor-element elementor-element-a80716f elementor-widget elementor-widget-heading\" data-id=\"a80716f\" data-element_type=\"widget\" data-e-type=\"widget\" data-widget_type=\"heading.default\">\n\t\t\t\t<div class=\"elementor-widget-container\">\n\t\t\t\t\t<h3 class=\"elementor-heading-title elementor-size-default\">Shipping Sage 100c customer preparation orders\n\n<\/h3>\t\t\t\t<\/div>\n\t\t\t\t<\/div>\n\t\t\t\t<div class=\"elementor-element elementor-element-2d4660d elementor-widget elementor-widget-text-editor\" data-id=\"2d4660d\" data-element_type=\"widget\" data-e-type=\"widget\" data-widget_type=\"text-editor.default\">\n\t\t\t\t<div class=\"elementor-widget-container\">\n\t\t\t\t\t\t\t\t\t<p>EasyLogistic 100 lets you create delivery notes directly in the software, without having to go through your Sage 100cloud ERP. It optimizes the picking path according to locations, while supporting batch numbers, expiration dates, series and ranges. The software also manages packaging and containers (parcels, overpacks and pallets), and lets you send delivery information to the carrier and print the transport label. It also lets you optimize carrier costs, and print item labels, packing lists, delivery notes and invoices.<\/p>\t\t\t\t\t\t\t\t<\/div>\n\t\t\t\t<\/div>\n\t\t\t\t<div class=\"elementor-element elementor-element-b1bd385 elementor-widget elementor-widget-heading\" data-id=\"b1bd385\" data-element_type=\"widget\" data-e-type=\"widget\" data-widget_type=\"heading.default\">\n\t\t\t\t<div class=\"elementor-widget-container\">\n\t\t\t\t\t<h3 class=\"elementor-heading-title elementor-size-default\">Operating modes and other features<\/h3>\t\t\t\t<\/div>\n\t\t\t\t<\/div>\n\t\t<div class=\"elementor-element elementor-element-914d4f3 e-flex e-con-boxed e-con e-parent\" data-id=\"914d4f3\" data-element_type=\"container\" data-e-type=\"container\">\n\t\t\t\t\t<div class=\"e-con-inner\">\n\t\t<div class=\"elementor-element elementor-element-6f94729 e-con-full e-flex e-con e-parent\" data-id=\"6f94729\" data-element_type=\"container\" data-e-type=\"container\">\n\t\t\t\t<div class=\"elementor-element elementor-element-9b9f537 elementor-widget elementor-widget-text-editor\" data-id=\"9b9f537\" data-element_type=\"widget\" data-e-type=\"widget\" data-widget_type=\"text-editor.default\">\n\t\t\t\t<div class=\"elementor-widget-container\">\n\t\t\t\t\t\t\t\t\t<p>EasyLogistic 100 offers three operating modes: Picking\/Packing, Picking then Packing, and Multi-order Picking\/Control and Packing. The software also facilitates data exchange with the carrier, automatically sending delivery information and printing transport labels.<\/p>\t\t\t\t\t\t\t\t<\/div>\n\t\t\t\t<\/div>\n\t\t\t\t<div class=\"elementor-element elementor-element-66268fe elementor-widget elementor-widget-text-editor\" data-id=\"66268fe\" data-element_type=\"widget\" data-e-type=\"widget\" data-widget_type=\"text-editor.default\">\n\t\t\t\t<div class=\"elementor-widget-container\">\n\t\t\t\t\t\t\t\t\t<p>It also offers storage support with multi-location and multi-depot management, the possibility of transfer movements between locations and\/or depots, and the printing of item labels with barcodes. In addition, EasyLogistic 100 supports physical inventories, whether global or rotating, with real-time stock queries. You can also run an Excel comparison of the inventory with the actual Sage stock to detect discrepancies, and print the Sage 100c inventory from location to location.<\/p>\t\t\t\t\t\t\t\t<\/div>\n\t\t\t\t<\/div>\n\t\t\t\t<\/div>\n\t\t\t\t<div class=\"elementor-element elementor-element-adc5381 elementor-widget elementor-widget-image\" data-id=\"adc5381\" data-element_type=\"widget\" data-e-type=\"widget\" data-widget_type=\"image.default\">\n\t\t\t\t<div class=\"elementor-widget-container\">\n\t\t\t\t\t\t\t\t\t\t\t\t\t\t\t<img decoding=\"async\" width=\"1024\" height=\"683\" src=\"https:\/\/www.alternetis.fr\/wp-content\/uploads\/2023\/07\/Illustration-5-1024x683.png\" class=\"attachment-large size-large wp-image-974\" alt=\"Alternetis - Editeurs de solution m\u00e9tiers sur SAGE depuis 2009 - GROUPE SYSTEOS\" srcset=\"https:\/\/www.alternetis.fr\/wp-content\/uploads\/2023\/07\/Illustration-5-1024x683.png 1024w, https:\/\/www.alternetis.fr\/wp-content\/uploads\/2023\/07\/Illustration-5-300x200.png 300w, https:\/\/www.alternetis.fr\/wp-content\/uploads\/2023\/07\/Illustration-5-768x512.png 768w, https:\/\/www.alternetis.fr\/wp-content\/uploads\/2023\/07\/Illustration-5-1536x1024.png 1536w, https:\/\/www.alternetis.fr\/wp-content\/uploads\/2023\/07\/Illustration-5-2048x1365.png 2048w, https:\/\/www.alternetis.fr\/wp-content\/uploads\/2023\/07\/Illustration-5-18x12.png 18w, https:\/\/www.alternetis.fr\/wp-content\/uploads\/2023\/07\/Illustration-5-930x620.png 930w\" sizes=\"(max-width: 1024px) 100vw, 1024px\" \/>\t\t\t\t\t\t\t\t\t\t\t\t\t\t\t<\/div>\n\t\t\t\t<\/div>\n\t\t\t\t\t<\/div>\n\t\t\t\t<\/div>\n\t\t\t\t<div class=\"elementor-element elementor-element-9b1b224 elementor-widget elementor-widget-heading\" data-id=\"9b1b224\" data-element_type=\"widget\" data-e-type=\"widget\" data-widget_type=\"heading.default\">\n\t\t\t\t<div class=\"elementor-widget-container\">\n\t\t\t\t\t<h3 class=\"elementor-heading-title elementor-size-default\">The benefits of EasyLogistic 100 for Sage<\/h3>\t\t\t\t<\/div>\n\t\t\t\t<\/div>\n\t\t\t\t<div class=\"elementor-element elementor-element-05752da elementor-widget elementor-widget-text-editor\" data-id=\"05752da\" data-element_type=\"widget\" data-e-type=\"widget\" data-widget_type=\"text-editor.default\">\n\t\t\t\t<div class=\"elementor-widget-container\">\n\t\t\t\t\t\t\t\t\t<ul><li>Real-time synchronization with Sage 100c and real-time inventory updates.<\/li><li>Optimized ergonomic interface for simplified use in the warehouse.<\/li><li>Management of serial numbers, batches and expiration dates.<\/li><li>Print item labels, location labels, carrier labels and packing lists.<\/li><li>EDI (Electronic Data Interchange) integration with carriers to avoid re-entering data on their platforms.<\/li><li>Enhanced traceability thanks to comprehensive management software.<\/li><\/ul>\t\t\t\t\t\t\t\t<\/div>\n\t\t\t\t<\/div>\n\t\t\t\t<div class=\"elementor-element elementor-element-dc747ae elementor-widget elementor-widget-video\" data-id=\"dc747ae\" data-element_type=\"widget\" data-e-type=\"widget\" data-settings=\"{&quot;youtube_url&quot;:&quot;https:\\\/\\\/www.youtube.com\\\/watch?v=-pCNgmp0nvo&quot;,&quot;lazy_load&quot;:&quot;yes&quot;,&quot;video_type&quot;:&quot;youtube&quot;,&quot;controls&quot;:&quot;yes&quot;}\" data-widget_type=\"video.default\">\n\t\t\t\t<div class=\"elementor-widget-container\">\n\t\t\t\t\t\t\t<div class=\"elementor-wrapper elementor-open-inline\">\n\t\t\t<div class=\"elementor-video\"><\/div>\t\t<\/div>\n\t\t\t\t\t\t<\/div>\n\t\t\t\t<\/div>\n\t\t\t\t<div class=\"elementor-element elementor-element-2482660 elementor-widget__width-initial elementor-widget elementor-widget-text-editor\" data-id=\"2482660\" data-element_type=\"widget\" data-e-type=\"widget\" data-widget_type=\"text-editor.default\">\n\t\t\t\t<div class=\"elementor-widget-container\">\n\t\t\t\t\t\t\t\t\t<p>EasyLogistic 100 is the ideal solution for efficient inventory management connected to Sage 100c. Take advantage of real-time synchronization, optimized ergonomics and advanced functionalities for enhanced traceability of your logistics operations.<\/p>\t\t\t\t\t\t\t\t<\/div>\n\t\t\t\t<\/div>\n\t\t\t\t<div class=\"elementor-element elementor-element-66b42db elementor-align-center elementor-widget elementor-widget-button\" data-id=\"66b42db\" data-element_type=\"widget\" data-e-type=\"widget\" data-widget_type=\"button.default\">\n\t\t\t\t<div class=\"elementor-widget-container\">\n\t\t\t\t\t\t\t\t\t<div class=\"elementor-button-wrapper\">\n\t\t\t\t\t<a class=\"elementor-button elementor-button-link elementor-size-xl elementor-animation-float\" href=\"https:\/\/www.easy-logistic.fr\/\">\n\t\t\t\t\t\t<span class=\"elementor-button-content-wrapper\">\n\t\t\t\t\t\t\t\t\t<span class=\"elementor-button-text\">Check out the website<\/span>\n\t\t\t\t\t<\/span>\n\t\t\t\t\t<\/a>\n\t\t\t\t<\/div>\n\t\t\t\t\t\t\t\t<\/div>\n\t\t\t\t<\/div>\n\t\t\t\t\t<\/div>\n\t\t\t\t<\/div>\n\t\t<div class=\"elementor-element elementor-element-3d81e42 e-flex e-con-boxed e-con e-parent\" data-id=\"3d81e42\" data-element_type=\"container\" data-e-type=\"container\">\n\t\t\t\t\t<div class=\"e-con-inner\">\n\t\t<div class=\"elementor-element elementor-element-e0b4f9b e-flex e-con-boxed e-con e-parent\" data-id=\"e0b4f9b\" data-element_type=\"container\" data-e-type=\"container\">\n\t\t\t\t\t<div class=\"e-con-inner\">\n\t\t<div class=\"elementor-element elementor-element-57417a7 e-flex e-con-boxed e-con e-parent\" data-id=\"57417a7\" data-element_type=\"container\" data-e-type=\"container\">\n\t\t\t\t\t<div class=\"e-con-inner\">\n\t\t\t\t<div class=\"elementor-element elementor-element-c9a8b4f elementor-widget elementor-widget-text-editor\" data-id=\"c9a8b4f\" data-element_type=\"widget\" data-e-type=\"widget\" data-widget_type=\"text-editor.default\">\n\t\t\t\t<div class=\"elementor-widget-container\">\n\t\t\t\t\t\t\t\t\t<p>Interested in a solution?<\/p>\t\t\t\t\t\t\t\t<\/div>\n\t\t\t\t<\/div>\n\t\t\t\t<div class=\"elementor-element elementor-element-83d60c3 elementor-widget elementor-widget-heading\" data-id=\"83d60c3\" data-element_type=\"widget\" data-e-type=\"widget\" data-widget_type=\"heading.default\">\n\t\t\t\t<div class=\"elementor-widget-container\">\n\t\t\t\t\t<h2 class=\"elementor-heading-title elementor-size-default\">Contact us<\/h2>\t\t\t\t<\/div>\n\t\t\t\t<\/div>\n\t\t\t\t\t<\/div>\n\t\t\t\t<\/div>\n\t\t\t\t<div class=\"elementor-element elementor-element-dea54b2 elementor-widget elementor-widget-text-editor\" data-id=\"dea54b2\" data-element_type=\"widget\" data-e-type=\"widget\" data-widget_type=\"text-editor.default\">\n\t\t\t\t<div class=\"elementor-widget-container\">\n\t\t\t\t\t\t\t\t\t<p>Would you like to request a software demo or learn more?<br \/>We're always happy to discuss these matters by phone or over a cup of coffee.<\/p>\t\t\t\t\t\t\t\t<\/div>\n\t\t\t\t<\/div>\n\t\t\t\t<div class=\"elementor-element elementor-element-1af87c8 elementor-align-center elementor-widget elementor-widget-button\" data-id=\"1af87c8\" data-element_type=\"widget\" data-e-type=\"widget\" data-widget_type=\"button.default\">\n\t\t\t\t<div class=\"elementor-widget-container\">\n\t\t\t\t\t\t\t\t\t<div class=\"elementor-button-wrapper\">\n\t\t\t\t\t<a class=\"elementor-button elementor-button-link elementor-size-md\" href=\"\/en\/contact\/\">\n\t\t\t\t\t\t<span class=\"elementor-button-content-wrapper\">\n\t\t\t\t\t\t\t\t\t<span class=\"elementor-button-text\">Get in touch<\/span>\n\t\t\t\t\t<\/span>\n\t\t\t\t\t<\/a>\n\t\t\t\t<\/div>\n\t\t\t\t\t\t\t\t<\/div>\n\t\t\t\t<\/div>\n\t\t\t\t\t<\/div>\n\t\t\t\t<\/div>\n\t\t<div class=\"elementor-element elementor-element-ec587a5 e-con-full e-flex e-con e-parent\" data-id=\"ec587a5\" data-element_type=\"container\" data-e-type=\"container\">\n\t\t\t\t<div class=\"elementor-element elementor-element-6912a53 elementor-absolute elementor-widget elementor-widget-image\" data-id=\"6912a53\" data-element_type=\"widget\" data-e-type=\"widget\" data-settings=\"{&quot;_position&quot;:&quot;absolute&quot;}\" data-widget_type=\"image.default\">\n\t\t\t\t<div class=\"elementor-widget-container\">\n\t\t\t\t\t\t\t\t\t\t\t\t\t\t\t<img decoding=\"async\" width=\"68\" height=\"99\" src=\"https:\/\/www.alternetis.fr\/wp-content\/uploads\/2023\/07\/Particles-vector.svg\" class=\"attachment-large size-large wp-image-324\" alt=\"Alternetis - Editeurs de solution m\u00e9tiers sur SAGE depuis 2009 - GROUPE SYSTEOS\" \/>\t\t\t\t\t\t\t\t\t\t\t\t\t\t\t<\/div>\n\t\t\t\t<\/div>\n\t\t\t\t<div class=\"elementor-element elementor-element-98ccca3 e-transform elementor-widget elementor-widget-image\" data-id=\"98ccca3\" data-element_type=\"widget\" data-e-type=\"widget\" data-settings=\"{&quot;_transform_flipX_effect&quot;:&quot;transform&quot;}\" data-widget_type=\"image.default\">\n\t\t\t\t<div class=\"elementor-widget-container\">\n\t\t\t\t\t\t\t\t\t\t\t\t\t\t\t<img loading=\"lazy\" decoding=\"async\" width=\"768\" height=\"1152\" src=\"https:\/\/www.alternetis.fr\/wp-content\/uploads\/2023\/07\/Contact-Us-768x1152.jpg\" class=\"attachment-medium_large size-medium_large wp-image-264\" alt=\"Alternetis - Extentions pour SAGE 100\" srcset=\"https:\/\/www.alternetis.fr\/wp-content\/uploads\/2023\/07\/Contact-Us-768x1152.jpg 768w, https:\/\/www.alternetis.fr\/wp-content\/uploads\/2023\/07\/Contact-Us-200x300.jpg 200w, https:\/\/www.alternetis.fr\/wp-content\/uploads\/2023\/07\/Contact-Us-683x1024.jpg 683w, https:\/\/www.alternetis.fr\/wp-content\/uploads\/2023\/07\/Contact-Us-1024x1536.jpg 1024w, https:\/\/www.alternetis.fr\/wp-content\/uploads\/2023\/07\/Contact-Us-1365x2048.jpg 1365w, https:\/\/www.alternetis.fr\/wp-content\/uploads\/2023\/07\/Contact-Us-8x12.jpg 8w, https:\/\/www.alternetis.fr\/wp-content\/uploads\/2023\/07\/Contact-Us-scaled.jpg 1707w\" sizes=\"(max-width: 768px) 100vw, 768px\" \/>\t\t\t\t\t\t\t\t\t\t\t\t\t\t\t<\/div>\n\t\t\t\t<\/div>\n\t\t\t\t<div class=\"elementor-element elementor-element-aee372b elementor-absolute elementor-hidden-mobile elementor-widget elementor-widget-html\" data-id=\"aee372b\" data-element_type=\"widget\" data-e-type=\"widget\" data-settings=\"{&quot;_position&quot;:&quot;absolute&quot;}\" data-widget_type=\"html.default\">\n\t\t\t\t<div class=\"elementor-widget-container\">\n\t\t\t\t\t<div class=\"decorative-rectangle\" style=\"    width: 18rem;    height: 25.375rem; flex-shrink: 0; background-color: rgba(236, 237, 238, 0.95) ;}\">\n    <style>\n    \n    width: 18rem;\n    height: 25,375rem;\n    \n    <\/style>\n<\/div>\t\t\t\t<\/div>\n\t\t\t\t<\/div>\n\t\t\t\t<\/div>\n\t\t\t\t\t<\/div>\n\t\t\t\t<\/div>\n\t\t\t\t<\/div>","protected":false},"excerpt":{"rendered":"<p>EasyLogistic 100 G\u00c9REZ VOTRE STOCK AVEC FACILIT\u00c9 GR\u00c2CE \u00c0 EASYLOGISTIC 100 EasyLogistic 100 est un logiciel WMS\u00a0 connect\u00e9 \u00e0 Sage 100c, con\u00e7u pour simplifier et fiabiliser vos op\u00e9rations d&rsquo;exp\u00e9dition et de r\u00e9ception. Avec une interface ergonomique optimis\u00e9e pour une utilisation en entrep\u00f4t, EasyLogistic offre une exp\u00e9rience utilisateur facile et intuitive. Elle est adapt\u00e9e \u00e0 tout&hellip;&nbsp;<a href=\"https:\/\/www.alternetis.fr\/en\/applications\/easylogistic100\/\" rel=\"bookmark\">Read More &raquo;<span class=\"screen-reader-text\">EasyLogistic 100<\/span><\/a><\/p>","protected":false},"author":3,"featured_media":0,"parent":80,"menu_order":0,"comment_status":"closed","ping_status":"closed","template":"page-templates\/template-pagebuilder-full-width.php","meta":{"om_disable_all_campaigns":false,"_monsterinsights_skip_tracking":false,"_monsterinsights_sitenote_active":false,"_monsterinsights_sitenote_note":"","_monsterinsights_sitenote_category":0,"neve_meta_sidebar":"","neve_meta_container":"","neve_meta_enable_content_width":"","neve_meta_content_width":0,"neve_meta_title_alignment":"","neve_meta_author_avatar":"","neve_post_elements_order":"","neve_meta_disable_header":"","neve_meta_disable_footer":"","neve_meta_disable_title":"","footnotes":""},"class_list":["post-550","page","type-page","status-publish","hentry"],"aioseo_notices":[],"jetpack_sharing_enabled":true,"_links":{"self":[{"href":"https:\/\/www.alternetis.fr\/en\/wp-json\/wp\/v2\/pages\/550","targetHints":{"allow":["GET"]}}],"collection":[{"href":"https:\/\/www.alternetis.fr\/en\/wp-json\/wp\/v2\/pages"}],"about":[{"href":"https:\/\/www.alternetis.fr\/en\/wp-json\/wp\/v2\/types\/page"}],"author":[{"embeddable":true,"href":"https:\/\/www.alternetis.fr\/en\/wp-json\/wp\/v2\/users\/3"}],"replies":[{"embeddable":true,"href":"https:\/\/www.alternetis.fr\/en\/wp-json\/wp\/v2\/comments?post=550"}],"version-history":[{"count":33,"href":"https:\/\/www.alternetis.fr\/en\/wp-json\/wp\/v2\/pages\/550\/revisions"}],"predecessor-version":[{"id":3844,"href":"https:\/\/www.alternetis.fr\/en\/wp-json\/wp\/v2\/pages\/550\/revisions\/3844"}],"up":[{"embeddable":true,"href":"https:\/\/www.alternetis.fr\/en\/wp-json\/wp\/v2\/pages\/80"}],"wp:attachment":[{"href":"https:\/\/www.alternetis.fr\/en\/wp-json\/wp\/v2\/media?parent=550"}],"curies":[{"name":"wp","href":"https:\/\/api.w.org\/{rel}","templated":true}]}}