{"id":548,"date":"2023-07-11T13:49:48","date_gmt":"2023-07-11T11:49:48","guid":{"rendered":"https:\/\/dev.alternetis.fr\/?page_id=548"},"modified":"2023-07-28T11:19:39","modified_gmt":"2023-07-28T09:19:39","slug":"prestaconnect","status":"publish","type":"page","link":"https:\/\/www.alternetis.fr\/en\/applications\/prestaconnect\/","title":{"rendered":"PrestaConnect"},"content":{"rendered":"<div data-elementor-type=\"wp-page\" data-elementor-id=\"548\" class=\"elementor elementor-548\" data-elementor-post-type=\"page\">\n\t\t\t\t<div class=\"elementor-element elementor-element-63ae0e0 e-con-full e-flex e-con e-parent\" data-id=\"63ae0e0\" data-element_type=\"container\" data-e-type=\"container\" data-settings=\"{&quot;background_background&quot;:&quot;classic&quot;}\">\n\t\t\t\t<div class=\"elementor-element elementor-element-336f527 elementor-widget elementor-widget-heading\" data-id=\"336f527\" data-element_type=\"widget\" data-e-type=\"widget\" data-widget_type=\"heading.default\">\n\t\t\t\t<div class=\"elementor-widget-container\">\n\t\t\t\t\t<h1 class=\"elementor-heading-title elementor-size-default\">PrestaConnect<\/h1>\t\t\t\t<\/div>\n\t\t\t\t<\/div>\n\t\t\t\t<\/div>\n\t\t<div class=\"elementor-element elementor-element-c300907 e-flex e-con-boxed e-con e-parent\" data-id=\"c300907\" data-element_type=\"container\" data-e-type=\"container\">\n\t\t\t\t\t<div class=\"e-con-inner\">\n\t\t\t\t<div class=\"elementor-element elementor-element-efbe617 elementor-widget elementor-widget-heading\" data-id=\"efbe617\" data-element_type=\"widget\" data-e-type=\"widget\" data-widget_type=\"heading.default\">\n\t\t\t\t<div class=\"elementor-widget-container\">\n\t\t\t\t\t<h2 class=\"elementor-heading-title elementor-size-default\">SYNCHRONIZE YOUR SAGE 100C SALES MANAGEMENT WITH PRESTASHOP WITH PRESTACONNECT\n\n<\/h2>\t\t\t\t<\/div>\n\t\t\t\t<\/div>\n\t\t\t\t<div class=\"elementor-element elementor-element-c954f3c elementor-widget__width-initial elementor-widget elementor-widget-text-editor\" data-id=\"c954f3c\" data-element_type=\"widget\" data-e-type=\"widget\" data-widget_type=\"text-editor.default\">\n\t\t\t\t<div class=\"elementor-widget-container\">\n\t\t\t\t\t\t\t\t\t<p>With our Prestashop Connector, simplify and automate all exchanges between your SAGE sales management software and your current or future PRESTASHOP e-commerce site. Benefit from considerable cost savings thanks to the elimination of re-keying and data entry errors, while offering better customer service thanks to real-time stock availability.<\/p>\t\t\t\t\t\t\t\t<\/div>\n\t\t\t\t<\/div>\n\t\t<div class=\"elementor-element elementor-element-71e5c36 e-flex e-con-boxed e-con e-parent\" data-id=\"71e5c36\" data-element_type=\"container\" data-e-type=\"container\">\n\t\t\t\t\t<div class=\"e-con-inner\">\n\t\t<div class=\"elementor-element elementor-element-7e710d3 e-con-full e-flex e-con e-parent\" data-id=\"7e710d3\" data-element_type=\"container\" data-e-type=\"container\">\n\t\t\t\t<div class=\"elementor-element elementor-element-8910f78 elementor-widget elementor-widget-heading\" data-id=\"8910f78\" data-element_type=\"widget\" data-e-type=\"widget\" data-widget_type=\"heading.default\">\n\t\t\t\t<div class=\"elementor-widget-container\">\n\t\t\t\t\t<h3 class=\"elementor-heading-title elementor-size-default\">A solution for BtoB and BtoC<\/h3>\t\t\t\t<\/div>\n\t\t\t\t<\/div>\n\t\t\t\t<div class=\"elementor-element elementor-element-e3e113d elementor-widget elementor-widget-text-editor\" data-id=\"e3e113d\" data-element_type=\"widget\" data-e-type=\"widget\" data-widget_type=\"text-editor.default\">\n\t\t\t\t<div class=\"elementor-widget-container\">\n\t\t\t\t\t\t\t\t\t<p>Our software is available to meet the needs of both BtoB and BtoC. In fact, 60% of our customers are wholesalers or distributors who want to offer more services to their business customers. Thanks to our Prestashop Connector, you can track deliveries and WIP, and dematerialize invoices and accounting statements, making them directly accessible on your e-commerce site.<\/p>\t\t\t\t\t\t\t\t<\/div>\n\t\t\t\t<\/div>\n\t\t\t\t<\/div>\n\t\t\t\t<div class=\"elementor-element elementor-element-f15d6ed elementor-widget elementor-widget-image\" data-id=\"f15d6ed\" data-element_type=\"widget\" data-e-type=\"widget\" data-widget_type=\"image.default\">\n\t\t\t\t<div class=\"elementor-widget-container\">\n\t\t\t\t\t\t\t\t\t\t\t\t\t\t\t<img fetchpriority=\"high\" decoding=\"async\" width=\"1024\" height=\"735\" src=\"https:\/\/www.alternetis.fr\/wp-content\/uploads\/2023\/07\/Illustration-2-1024x735.png\" class=\"attachment-large size-large wp-image-945\" alt=\"Alternetis - Editeurs de solution mestiers sur SAGE depuis 2009\" srcset=\"https:\/\/www.alternetis.fr\/wp-content\/uploads\/2023\/07\/Illustration-2-1024x735.png 1024w, https:\/\/www.alternetis.fr\/wp-content\/uploads\/2023\/07\/Illustration-2-300x215.png 300w, https:\/\/www.alternetis.fr\/wp-content\/uploads\/2023\/07\/Illustration-2-768x551.png 768w, https:\/\/www.alternetis.fr\/wp-content\/uploads\/2023\/07\/Illustration-2-1536x1102.png 1536w, https:\/\/www.alternetis.fr\/wp-content\/uploads\/2023\/07\/Illustration-2-2048x1470.png 2048w, https:\/\/www.alternetis.fr\/wp-content\/uploads\/2023\/07\/Illustration-2-18x12.png 18w\" sizes=\"(max-width: 1024px) 100vw, 1024px\" \/>\t\t\t\t\t\t\t\t\t\t\t\t\t\t\t<\/div>\n\t\t\t\t<\/div>\n\t\t\t\t\t<\/div>\n\t\t\t\t<\/div>\n\t\t\t\t<div class=\"elementor-element elementor-element-69a6360 elementor-widget elementor-widget-heading\" data-id=\"69a6360\" data-element_type=\"widget\" data-e-type=\"widget\" data-widget_type=\"heading.default\">\n\t\t\t\t<div class=\"elementor-widget-container\">\n\t\t\t\t\t<h3 class=\"elementor-heading-title elementor-size-default\">Transferring items from Sage sales management to Prestashop<\/h3>\t\t\t\t<\/div>\n\t\t\t\t<\/div>\n\t\t\t\t<div class=\"elementor-element elementor-element-cf4b599 elementor-widget elementor-widget-text-editor\" data-id=\"cf4b599\" data-element_type=\"widget\" data-e-type=\"widget\" data-widget_type=\"text-editor.default\">\n\t\t\t\t<div class=\"elementor-widget-container\">\n\t\t\t\t\t\t\t\t\t<p>Our Prestashop Connector enables you to transfer items from Sage sales management to Prestashop. You can manage item descriptions, images and features directly from Sage. Four types of items are possible:<\/p>\t\t\t\t\t\t\t\t<\/div>\n\t\t\t\t<\/div>\n\t\t\t\t<div class=\"elementor-element elementor-element-062c3b8 elementor-widget elementor-widget-text-editor\" data-id=\"062c3b8\" data-element_type=\"widget\" data-e-type=\"widget\" data-widget_type=\"text-editor.default\">\n\t\t\t\t<div class=\"elementor-widget-container\">\n\t\t\t\t\t\t\t\t\t<ul><li>Standard Sage article = standard Prestashop article<\/li><li>Sage conditioning item = Prestashop item in attribute or standard mode<\/li><li>Sage item in range = Prestashop item in attribute<\/li><li>Composition item: ability to create a Prestashop item as an attribute from any Sage 100c or 100Cloud item type.<\/li><\/ul>\t\t\t\t\t\t\t\t<\/div>\n\t\t\t\t<\/div>\n\t\t\t\t<div class=\"elementor-element elementor-element-a24590a elementor-widget elementor-widget-heading\" data-id=\"a24590a\" data-element_type=\"widget\" data-e-type=\"widget\" data-widget_type=\"heading.default\">\n\t\t\t\t<div class=\"elementor-widget-container\">\n\t\t\t\t\t<h3 class=\"elementor-heading-title elementor-size-default\">Tariff transfer\n\n<\/h3>\t\t\t\t<\/div>\n\t\t\t\t<\/div>\n\t\t\t\t<div class=\"elementor-element elementor-element-0af8b2e elementor-widget elementor-widget-text-editor\" data-id=\"0af8b2e\" data-element_type=\"widget\" data-e-type=\"widget\" data-widget_type=\"text-editor.default\">\n\t\t\t\t<div class=\"elementor-widget-container\">\n\t\t\t\t\t\t\t\t\t<p>Our Prestashop Connector also transfers tariffs and customer exception tariffs from Sage 100c sales management to Prestashop. Each pricing category in Sage corresponds to a group of customers in Prestashop. You can set the parameters for the discounts you wish to apply on your site, whether they be customer discounts, item discounts, Sage item family discounts, or cumulative discounts with Sage 100c category\/family.<\/p>\t\t\t\t\t\t\t\t<\/div>\n\t\t\t\t<\/div>\n\t\t<div class=\"elementor-element elementor-element-d18799e e-flex e-con-boxed e-con e-parent\" data-id=\"d18799e\" data-element_type=\"container\" data-e-type=\"container\">\n\t\t\t\t\t<div class=\"e-con-inner\">\n\t\t<div class=\"elementor-element elementor-element-44d7113 e-con-full e-flex e-con e-parent\" data-id=\"44d7113\" data-element_type=\"container\" data-e-type=\"container\">\n\t\t\t\t<div class=\"elementor-element elementor-element-9c10131 elementor-widget elementor-widget-heading\" data-id=\"9c10131\" data-element_type=\"widget\" data-e-type=\"widget\" data-widget_type=\"heading.default\">\n\t\t\t\t<div class=\"elementor-widget-container\">\n\t\t\t\t\t<h3 class=\"elementor-heading-title elementor-size-default\">Inventory synchronization<\/h3>\t\t\t\t<\/div>\n\t\t\t\t<\/div>\n\t\t\t\t<div class=\"elementor-element elementor-element-e4f475f elementor-widget elementor-widget-text-editor\" data-id=\"e4f475f\" data-element_type=\"widget\" data-e-type=\"widget\" data-widget_type=\"text-editor.default\">\n\t\t\t\t<div class=\"elementor-widget-container\">\n\t\t\t\t\t\t\t\t\t<p>Thanks to our Prestashop Connector, you can synchronize inventory in real time from Sage on Prestashop. The software supports multi-depot management and offers you the possibility of grouping stock from several Sage depots on Prestashop.<\/p>\t\t\t\t\t\t\t\t<\/div>\n\t\t\t\t<\/div>\n\t\t\t\t<div class=\"elementor-element elementor-element-ac6eaba elementor-widget elementor-widget-heading\" data-id=\"ac6eaba\" data-element_type=\"widget\" data-e-type=\"widget\" data-widget_type=\"heading.default\">\n\t\t\t\t<div class=\"elementor-widget-container\">\n\t\t\t\t\t<h3 class=\"elementor-heading-title elementor-size-default\">Order synchronization\n\n<\/h3>\t\t\t\t<\/div>\n\t\t\t\t<\/div>\n\t\t\t\t<div class=\"elementor-element elementor-element-8c46332 elementor-widget elementor-widget-text-editor\" data-id=\"8c46332\" data-element_type=\"widget\" data-e-type=\"widget\" data-widget_type=\"text-editor.default\">\n\t\t\t\t<div class=\"elementor-widget-container\">\n\t\t\t\t\t\t\t\t\t<p>Our Prestashop Connector synchronizes quotes and orders from Prestashop to Sage. Prestashop order statuses are automatically updated according to the progress of documents in Sage.<\/p>\t\t\t\t\t\t\t\t<\/div>\n\t\t\t\t<\/div>\n\t\t\t\t<\/div>\n\t\t\t\t<div class=\"elementor-element elementor-element-7b28cc4 elementor-widget elementor-widget-image\" data-id=\"7b28cc4\" data-element_type=\"widget\" data-e-type=\"widget\" data-widget_type=\"image.default\">\n\t\t\t\t<div class=\"elementor-widget-container\">\n\t\t\t\t\t\t\t\t\t\t\t\t\t\t\t<img decoding=\"async\" width=\"651\" height=\"586\" src=\"https:\/\/www.alternetis.fr\/wp-content\/uploads\/2023\/07\/Illustration-3.png\" class=\"attachment-large size-large wp-image-956\" alt=\"Alternetis - Editeurs de solution mestiers sur SAGE depuis 2009\" srcset=\"https:\/\/www.alternetis.fr\/wp-content\/uploads\/2023\/07\/Illustration-3.png 651w, https:\/\/www.alternetis.fr\/wp-content\/uploads\/2023\/07\/Illustration-3-300x270.png 300w, https:\/\/www.alternetis.fr\/wp-content\/uploads\/2023\/07\/Illustration-3-13x12.png 13w\" sizes=\"(max-width: 651px) 100vw, 651px\" \/>\t\t\t\t\t\t\t\t\t\t\t\t\t\t\t<\/div>\n\t\t\t\t<\/div>\n\t\t\t\t\t<\/div>\n\t\t\t\t<\/div>\n\t\t\t\t<div class=\"elementor-element elementor-element-d8641ba elementor-widget elementor-widget-heading\" data-id=\"d8641ba\" data-element_type=\"widget\" data-e-type=\"widget\" data-widget_type=\"heading.default\">\n\t\t\t\t<div class=\"elementor-widget-container\">\n\t\t\t\t\t<h3 class=\"elementor-heading-title elementor-size-default\">Sage 100c invoice dematerialization\n\n<\/h3>\t\t\t\t<\/div>\n\t\t\t\t<\/div>\n\t\t\t\t<div class=\"elementor-element elementor-element-25749f8 elementor-widget elementor-widget-text-editor\" data-id=\"25749f8\" data-element_type=\"widget\" data-e-type=\"widget\" data-widget_type=\"text-editor.default\">\n\t\t\t\t<div class=\"elementor-widget-container\">\n\t\t\t\t\t\t\t\t\t<p>With Prestaconnect, dematerialize all Sage 100c invoices at no extra cost. Validated Sage 100c invoices are transferred to the Prestashop customer area.<\/p>\t\t\t\t\t\t\t\t<\/div>\n\t\t\t\t<\/div>\n\t\t\t\t<div class=\"elementor-element elementor-element-c2e353a elementor-widget elementor-widget-heading\" data-id=\"c2e353a\" data-element_type=\"widget\" data-e-type=\"widget\" data-widget_type=\"heading.default\">\n\t\t\t\t<div class=\"elementor-widget-container\">\n\t\t\t\t\t<h3 class=\"elementor-heading-title elementor-size-default\">Sage 100c open commands<\/h3>\t\t\t\t<\/div>\n\t\t\t\t<\/div>\n\t\t\t\t<div class=\"elementor-element elementor-element-698cdbe elementor-widget elementor-widget-text-editor\" data-id=\"698cdbe\" data-element_type=\"widget\" data-e-type=\"widget\" data-widget_type=\"text-editor.default\">\n\t\t\t\t<div class=\"elementor-widget-container\">\n\t\t\t\t\t\t\t\t\t<p>You can activate the open orders module to transfer all current Sage documents and document lines, even if they have not been created on the Prestashop site. The aim of this Prestashop for Sage module is to provide your customers with as much information as possible.<\/p>\t\t\t\t\t\t\t\t<\/div>\n\t\t\t\t<\/div>\n\t\t\t\t<div class=\"elementor-element elementor-element-9daee81 elementor-widget elementor-widget-heading\" data-id=\"9daee81\" data-element_type=\"widget\" data-e-type=\"widget\" data-widget_type=\"heading.default\">\n\t\t\t\t<div class=\"elementor-widget-container\">\n\t\t\t\t\t<h3 class=\"elementor-heading-title elementor-size-default\">Sage 100c accounting tracking\n<\/h3>\t\t\t\t<\/div>\n\t\t\t\t<\/div>\n\t\t\t\t<div class=\"elementor-element elementor-element-9af6306 elementor-widget elementor-widget-text-editor\" data-id=\"9af6306\" data-element_type=\"widget\" data-e-type=\"widget\" data-widget_type=\"text-editor.default\">\n\t\t\t\t<div class=\"elementor-widget-container\">\n\t\t\t\t\t\t\t\t\t<p>With Prestaconnect, you can provide your customers with both lettered and non-lettered accounting entries. Each customer can consult and punch in their invoices and payments (BtoB).<\/p>\t\t\t\t\t\t\t\t<\/div>\n\t\t\t\t<\/div>\n\t\t\t\t<div class=\"elementor-element elementor-element-aa5639d elementor-widget elementor-widget-video\" data-id=\"aa5639d\" data-element_type=\"widget\" data-e-type=\"widget\" data-settings=\"{&quot;youtube_url&quot;:&quot;https:\\\/\\\/www.youtube.com\\\/watch?v=CNL0jBsWbts&quot;,&quot;lazy_load&quot;:&quot;yes&quot;,&quot;video_type&quot;:&quot;youtube&quot;,&quot;controls&quot;:&quot;yes&quot;}\" data-widget_type=\"video.default\">\n\t\t\t\t<div class=\"elementor-widget-container\">\n\t\t\t\t\t\t\t<div class=\"elementor-wrapper elementor-open-inline\">\n\t\t\t<div class=\"elementor-video\"><\/div>\t\t<\/div>\n\t\t\t\t\t\t<\/div>\n\t\t\t\t<\/div>\n\t\t\t\t<div class=\"elementor-element elementor-element-7869f68 elementor-widget__width-initial elementor-widget elementor-widget-text-editor\" data-id=\"7869f68\" data-element_type=\"widget\" data-e-type=\"widget\" data-widget_type=\"text-editor.default\">\n\t\t\t\t<div class=\"elementor-widget-container\">\n\t\t\t\t\t\t\t\t\t<p>PrestaConnect is your solution for seamless synchronization between your SAGE 100C sales management system and your PRESTASHOP e-commerce site. Simplify your processes, improve your customer service and gain in efficiency thanks to our PrestaConnect connector.<\/p>\t\t\t\t\t\t\t\t<\/div>\n\t\t\t\t<\/div>\n\t\t\t\t<div class=\"elementor-element elementor-element-04a1e63 elementor-align-center elementor-widget elementor-widget-button\" data-id=\"04a1e63\" data-element_type=\"widget\" data-e-type=\"widget\" data-widget_type=\"button.default\">\n\t\t\t\t<div class=\"elementor-widget-container\">\n\t\t\t\t\t\t\t\t\t<div class=\"elementor-button-wrapper\">\n\t\t\t\t\t<a class=\"elementor-button elementor-button-link elementor-size-xl elementor-animation-float\" href=\"https:\/\/www.prestaconnect.fr\/\">\n\t\t\t\t\t\t<span class=\"elementor-button-content-wrapper\">\n\t\t\t\t\t\t\t\t\t<span class=\"elementor-button-text\">Check out the website<\/span>\n\t\t\t\t\t<\/span>\n\t\t\t\t\t<\/a>\n\t\t\t\t<\/div>\n\t\t\t\t\t\t\t\t<\/div>\n\t\t\t\t<\/div>\n\t\t\t\t\t<\/div>\n\t\t\t\t<\/div>\n\t\t<div class=\"elementor-element elementor-element-78a83b0 e-flex e-con-boxed e-con e-parent\" data-id=\"78a83b0\" data-element_type=\"container\" data-e-type=\"container\">\n\t\t\t\t\t<div class=\"e-con-inner\">\n\t\t<div class=\"elementor-element elementor-element-b8d0820 e-flex e-con-boxed e-con e-parent\" data-id=\"b8d0820\" data-element_type=\"container\" data-e-type=\"container\">\n\t\t\t\t\t<div class=\"e-con-inner\">\n\t\t<div class=\"elementor-element elementor-element-aac67ed e-flex e-con-boxed e-con e-parent\" data-id=\"aac67ed\" data-element_type=\"container\" data-e-type=\"container\">\n\t\t\t\t\t<div class=\"e-con-inner\">\n\t\t\t\t<div class=\"elementor-element elementor-element-f2d0536 elementor-widget elementor-widget-text-editor\" data-id=\"f2d0536\" data-element_type=\"widget\" data-e-type=\"widget\" data-widget_type=\"text-editor.default\">\n\t\t\t\t<div class=\"elementor-widget-container\">\n\t\t\t\t\t\t\t\t\t<p>Interested in a solution?<\/p>\t\t\t\t\t\t\t\t<\/div>\n\t\t\t\t<\/div>\n\t\t\t\t<div class=\"elementor-element elementor-element-0d9d2cd elementor-widget elementor-widget-heading\" data-id=\"0d9d2cd\" data-element_type=\"widget\" data-e-type=\"widget\" data-widget_type=\"heading.default\">\n\t\t\t\t<div class=\"elementor-widget-container\">\n\t\t\t\t\t<h2 class=\"elementor-heading-title elementor-size-default\">Contact us<\/h2>\t\t\t\t<\/div>\n\t\t\t\t<\/div>\n\t\t\t\t\t<\/div>\n\t\t\t\t<\/div>\n\t\t\t\t<div class=\"elementor-element elementor-element-aab582a elementor-widget elementor-widget-text-editor\" data-id=\"aab582a\" data-element_type=\"widget\" data-e-type=\"widget\" data-widget_type=\"text-editor.default\">\n\t\t\t\t<div class=\"elementor-widget-container\">\n\t\t\t\t\t\t\t\t\t<p>Would you like to request a software demo or learn more?<br \/>We're always happy to discuss these matters by phone or over a cup of coffee.<\/p>\t\t\t\t\t\t\t\t<\/div>\n\t\t\t\t<\/div>\n\t\t\t\t<div class=\"elementor-element elementor-element-1c69cd7 elementor-align-center elementor-widget elementor-widget-button\" data-id=\"1c69cd7\" data-element_type=\"widget\" data-e-type=\"widget\" data-widget_type=\"button.default\">\n\t\t\t\t<div class=\"elementor-widget-container\">\n\t\t\t\t\t\t\t\t\t<div class=\"elementor-button-wrapper\">\n\t\t\t\t\t<a class=\"elementor-button elementor-button-link elementor-size-md\" href=\"\/en\/contact\/\">\n\t\t\t\t\t\t<span class=\"elementor-button-content-wrapper\">\n\t\t\t\t\t\t\t\t\t<span class=\"elementor-button-text\">Get in touch<\/span>\n\t\t\t\t\t<\/span>\n\t\t\t\t\t<\/a>\n\t\t\t\t<\/div>\n\t\t\t\t\t\t\t\t<\/div>\n\t\t\t\t<\/div>\n\t\t\t\t\t<\/div>\n\t\t\t\t<\/div>\n\t\t<div class=\"elementor-element elementor-element-b2d7f20 e-con-full e-flex e-con e-parent\" data-id=\"b2d7f20\" data-element_type=\"container\" data-e-type=\"container\">\n\t\t\t\t<div class=\"elementor-element elementor-element-2936030 elementor-absolute elementor-widget elementor-widget-image\" data-id=\"2936030\" data-element_type=\"widget\" data-e-type=\"widget\" data-settings=\"{&quot;_position&quot;:&quot;absolute&quot;}\" data-widget_type=\"image.default\">\n\t\t\t\t<div class=\"elementor-widget-container\">\n\t\t\t\t\t\t\t\t\t\t\t\t\t\t\t<img decoding=\"async\" width=\"68\" height=\"99\" src=\"https:\/\/www.alternetis.fr\/wp-content\/uploads\/2023\/07\/Particles-vector.svg\" class=\"attachment-large size-large wp-image-324\" alt=\"Alternetis - Editeurs de solution m\u00e9tiers sur SAGE depuis 2009 - GROUPE SYSTEOS\" \/>\t\t\t\t\t\t\t\t\t\t\t\t\t\t\t<\/div>\n\t\t\t\t<\/div>\n\t\t\t\t<div class=\"elementor-element elementor-element-b87e4e4 e-transform elementor-widget elementor-widget-image\" data-id=\"b87e4e4\" data-element_type=\"widget\" data-e-type=\"widget\" data-settings=\"{&quot;_transform_flipX_effect&quot;:&quot;transform&quot;}\" data-widget_type=\"image.default\">\n\t\t\t\t<div class=\"elementor-widget-container\">\n\t\t\t\t\t\t\t\t\t\t\t\t\t\t\t<img loading=\"lazy\" decoding=\"async\" width=\"768\" height=\"1152\" src=\"https:\/\/www.alternetis.fr\/wp-content\/uploads\/2023\/07\/Contact-Us-768x1152.jpg\" class=\"attachment-medium_large size-medium_large wp-image-264\" alt=\"Alternetis - Extentions pour SAGE 100\" srcset=\"https:\/\/www.alternetis.fr\/wp-content\/uploads\/2023\/07\/Contact-Us-768x1152.jpg 768w, https:\/\/www.alternetis.fr\/wp-content\/uploads\/2023\/07\/Contact-Us-200x300.jpg 200w, https:\/\/www.alternetis.fr\/wp-content\/uploads\/2023\/07\/Contact-Us-683x1024.jpg 683w, https:\/\/www.alternetis.fr\/wp-content\/uploads\/2023\/07\/Contact-Us-1024x1536.jpg 1024w, https:\/\/www.alternetis.fr\/wp-content\/uploads\/2023\/07\/Contact-Us-1365x2048.jpg 1365w, https:\/\/www.alternetis.fr\/wp-content\/uploads\/2023\/07\/Contact-Us-8x12.jpg 8w, https:\/\/www.alternetis.fr\/wp-content\/uploads\/2023\/07\/Contact-Us-scaled.jpg 1707w\" sizes=\"(max-width: 768px) 100vw, 768px\" \/>\t\t\t\t\t\t\t\t\t\t\t\t\t\t\t<\/div>\n\t\t\t\t<\/div>\n\t\t\t\t<div class=\"elementor-element elementor-element-0e3d253 elementor-absolute elementor-hidden-mobile elementor-widget elementor-widget-html\" data-id=\"0e3d253\" data-element_type=\"widget\" data-e-type=\"widget\" data-settings=\"{&quot;_position&quot;:&quot;absolute&quot;}\" data-widget_type=\"html.default\">\n\t\t\t\t<div class=\"elementor-widget-container\">\n\t\t\t\t\t<div class=\"decorative-rectangle\" style=\"    width: 18rem;    height: 25.375rem; flex-shrink: 0; background-color: rgba(236, 237, 238, 0.95) ;}\">\n    <style>\n    \n    width: 18rem;\n    height: 25,375rem;\n    \n    <\/style>\n<\/div>\t\t\t\t<\/div>\n\t\t\t\t<\/div>\n\t\t\t\t<\/div>\n\t\t\t\t\t<\/div>\n\t\t\t\t<\/div>\n\t\t\t\t<\/div>","protected":false},"excerpt":{"rendered":"<p>PrestaConnect SYNCHRONISEZ VOTRE GESTION COMMERCIALE SAGE 100C AVEC PRESTASHOP GR\u00c2CE \u00c0 PRESTACONNECT Avec notre Connecteur Prestashop, simplifiez et automatisez tous les \u00e9changes entre votre logiciel de gestion commerciale SAGE et votre site e-commerce PRESTASHOP, qu&rsquo;il soit actuel ou futur. Profitez d&rsquo;un gain d&rsquo;argent consid\u00e9rable gr\u00e2ce \u00e0 l&rsquo;\u00e9limination de la ressaisie et des erreurs de saisie,&hellip;&nbsp;<a href=\"https:\/\/www.alternetis.fr\/en\/applications\/prestaconnect\/\" rel=\"bookmark\">Read More &raquo;<span class=\"screen-reader-text\">PrestaConnect<\/span><\/a><\/p>","protected":false},"author":3,"featured_media":0,"parent":80,"menu_order":0,"comment_status":"closed","ping_status":"closed","template":"page-templates\/template-pagebuilder-full-width.php","meta":{"om_disable_all_campaigns":false,"_monsterinsights_skip_tracking":false,"_monsterinsights_sitenote_active":false,"_monsterinsights_sitenote_note":"","_monsterinsights_sitenote_category":0,"neve_meta_sidebar":"","neve_meta_container":"","neve_meta_enable_content_width":"","neve_meta_content_width":0,"neve_meta_title_alignment":"","neve_meta_author_avatar":"","neve_post_elements_order":"","neve_meta_disable_header":"","neve_meta_disable_footer":"","neve_meta_disable_title":"","footnotes":""},"class_list":["post-548","page","type-page","status-publish","hentry"],"aioseo_notices":[],"jetpack_sharing_enabled":true,"_links":{"self":[{"href":"https:\/\/www.alternetis.fr\/en\/wp-json\/wp\/v2\/pages\/548","targetHints":{"allow":["GET"]}}],"collection":[{"href":"https:\/\/www.alternetis.fr\/en\/wp-json\/wp\/v2\/pages"}],"about":[{"href":"https:\/\/www.alternetis.fr\/en\/wp-json\/wp\/v2\/types\/page"}],"author":[{"embeddable":true,"href":"https:\/\/www.alternetis.fr\/en\/wp-json\/wp\/v2\/users\/3"}],"replies":[{"embeddable":true,"href":"https:\/\/www.alternetis.fr\/en\/wp-json\/wp\/v2\/comments?post=548"}],"version-history":[{"count":40,"href":"https:\/\/www.alternetis.fr\/en\/wp-json\/wp\/v2\/pages\/548\/revisions"}],"predecessor-version":[{"id":1236,"href":"https:\/\/www.alternetis.fr\/en\/wp-json\/wp\/v2\/pages\/548\/revisions\/1236"}],"up":[{"embeddable":true,"href":"https:\/\/www.alternetis.fr\/en\/wp-json\/wp\/v2\/pages\/80"}],"wp:attachment":[{"href":"https:\/\/www.alternetis.fr\/en\/wp-json\/wp\/v2\/media?parent=548"}],"curies":[{"name":"wp","href":"https:\/\/api.w.org\/{rel}","templated":true}]}}