{"id":546,"date":"2023-07-11T13:49:02","date_gmt":"2023-07-11T11:49:02","guid":{"rendered":"https:\/\/dev.alternetis.fr\/?page_id=546"},"modified":"2023-07-24T09:15:04","modified_gmt":"2023-07-24T07:15:04","slug":"easylogistic","status":"publish","type":"page","link":"https:\/\/www.alternetis.fr\/en\/applications\/easylogistic\/","title":{"rendered":"EasyLogistic"},"content":{"rendered":"<div data-elementor-type=\"wp-page\" data-elementor-id=\"546\" class=\"elementor elementor-546\" data-elementor-post-type=\"page\">\n\t\t\t\t<div class=\"elementor-element elementor-element-7c6ddcd e-con-full e-flex e-con e-parent\" data-id=\"7c6ddcd\" data-element_type=\"container\" data-e-type=\"container\" data-settings=\"{&quot;background_background&quot;:&quot;classic&quot;}\">\n\t\t\t\t<div class=\"elementor-element elementor-element-44eb322 elementor-widget elementor-widget-heading\" data-id=\"44eb322\" data-element_type=\"widget\" data-e-type=\"widget\" data-widget_type=\"heading.default\">\n\t\t\t\t<div class=\"elementor-widget-container\">\n\t\t\t\t\t<h1 class=\"elementor-heading-title elementor-size-default\">EasyLogistic<\/h1>\t\t\t\t<\/div>\n\t\t\t\t<\/div>\n\t\t\t\t<\/div>\n\t\t<div class=\"elementor-element elementor-element-88c7a40 e-flex e-con-boxed e-con e-parent\" data-id=\"88c7a40\" data-element_type=\"container\" data-e-type=\"container\">\n\t\t\t\t\t<div class=\"e-con-inner\">\n\t\t\t\t<div class=\"elementor-element elementor-element-c8f6cad elementor-widget elementor-widget-heading\" data-id=\"c8f6cad\" data-element_type=\"widget\" data-e-type=\"widget\" data-widget_type=\"heading.default\">\n\t\t\t\t<div class=\"elementor-widget-container\">\n\t\t\t\t\t<h2 class=\"elementor-heading-title elementor-size-default\">MANAGE YOUR STOCK WITH EASE WITH EASYLOGISTIC<\/h2>\t\t\t\t<\/div>\n\t\t\t\t<\/div>\n\t\t\t\t<div class=\"elementor-element elementor-element-8adc819 elementor-widget__width-initial elementor-widget elementor-widget-text-editor\" data-id=\"8adc819\" data-element_type=\"widget\" data-e-type=\"widget\" data-widget_type=\"text-editor.default\">\n\t\t\t\t<div class=\"elementor-widget-container\">\n\t\t\t\t\t\t\t\t\t<p>EasyLogistic is a WMS software package designed to simplify and increase the reliability of your shipping and receiving operations. With an ergonomic interface optimized for use in the warehouse, EasyLogistic offers an easy and intuitive user experience, adapted to all types of support, be it tablet, mobile, computer or PDA.<\/p>\t\t\t\t\t\t\t\t<\/div>\n\t\t\t\t<\/div>\n\t\t\t\t<div class=\"elementor-element elementor-element-1034e0a elementor-widget elementor-widget-heading\" data-id=\"1034e0a\" data-element_type=\"widget\" data-e-type=\"widget\" data-widget_type=\"heading.default\">\n\t\t\t\t<div class=\"elementor-widget-container\">\n\t\t\t\t\t<h3 class=\"elementor-heading-title elementor-size-default\">Connected in real time<\/h3>\t\t\t\t<\/div>\n\t\t\t\t<\/div>\n\t\t\t\t<div class=\"elementor-element elementor-element-5758259 elementor-widget elementor-widget-text-editor\" data-id=\"5758259\" data-element_type=\"widget\" data-e-type=\"widget\" data-widget_type=\"text-editor.default\">\n\t\t\t\t<div class=\"elementor-widget-container\">\n\t\t\t\t\t\t\t\t\t<p>Thanks to a WiFi or mobile data connection, EasyLogistic is connected in real time, providing a seamless and secure inventory management experience.<\/p>\t\t\t\t\t\t\t\t<\/div>\n\t\t\t\t<\/div>\n\t\t<div class=\"elementor-element elementor-element-971e1d4 e-flex e-con-boxed e-con e-parent\" data-id=\"971e1d4\" data-element_type=\"container\" data-e-type=\"container\">\n\t\t\t\t\t<div class=\"e-con-inner\">\n\t\t<div class=\"elementor-element elementor-element-366be4c e-con-full e-flex e-con e-parent\" data-id=\"366be4c\" data-element_type=\"container\" data-e-type=\"container\">\n\t\t\t\t<div class=\"elementor-element elementor-element-4d54861 elementor-widget elementor-widget-heading\" data-id=\"4d54861\" data-element_type=\"widget\" data-e-type=\"widget\" data-widget_type=\"heading.default\">\n\t\t\t\t<div class=\"elementor-widget-container\">\n\t\t\t\t\t<h3 class=\"elementor-heading-title elementor-size-default\">Receipt of supplier orders\n\n<\/h3>\t\t\t\t<\/div>\n\t\t\t\t<\/div>\n\t\t\t\t<div class=\"elementor-element elementor-element-dd1fb18 elementor-widget elementor-widget-text-editor\" data-id=\"dd1fb18\" data-element_type=\"widget\" data-e-type=\"widget\" data-widget_type=\"text-editor.default\">\n\t\t\t\t<div class=\"elementor-widget-container\">\n\t\t\t\t\t\t\t\t\t<p>With EasyLogistic, you can receive supplier orders quickly and error-free using a mobile terminal. The software supports the management of batch\/series packaging, expiration dates and ranges. You can also print bar-coded item labels when goods are received, as well as delivery notes and back orders.<\/p>\t\t\t\t\t\t\t\t<\/div>\n\t\t\t\t<\/div>\n\t\t\t\t<\/div>\n\t\t\t\t<div class=\"elementor-element elementor-element-fdf3153 elementor-widget elementor-widget-image\" data-id=\"fdf3153\" data-element_type=\"widget\" data-e-type=\"widget\" data-widget_type=\"image.default\">\n\t\t\t\t<div class=\"elementor-widget-container\">\n\t\t\t\t\t\t\t\t\t\t\t\t\t\t\t<img fetchpriority=\"high\" decoding=\"async\" width=\"1024\" height=\"683\" src=\"https:\/\/www.alternetis.fr\/wp-content\/uploads\/2023\/07\/Illustration-4-1024x683.png\" class=\"attachment-large size-large wp-image-969\" alt=\"Alternetis - Editeurs de solution m\u00e9tiers sur SAGE depuis 2009 - GROUPE SYSTEOS\" srcset=\"https:\/\/www.alternetis.fr\/wp-content\/uploads\/2023\/07\/Illustration-4-1024x683.png 1024w, https:\/\/www.alternetis.fr\/wp-content\/uploads\/2023\/07\/Illustration-4-300x200.png 300w, https:\/\/www.alternetis.fr\/wp-content\/uploads\/2023\/07\/Illustration-4-768x512.png 768w, https:\/\/www.alternetis.fr\/wp-content\/uploads\/2023\/07\/Illustration-4-1536x1024.png 1536w, https:\/\/www.alternetis.fr\/wp-content\/uploads\/2023\/07\/Illustration-4-2048x1365.png 2048w, https:\/\/www.alternetis.fr\/wp-content\/uploads\/2023\/07\/Illustration-4-18x12.png 18w, https:\/\/www.alternetis.fr\/wp-content\/uploads\/2023\/07\/Illustration-4-930x620.png 930w\" sizes=\"(max-width: 1024px) 100vw, 1024px\" \/>\t\t\t\t\t\t\t\t\t\t\t\t\t\t\t<\/div>\n\t\t\t\t<\/div>\n\t\t\t\t\t<\/div>\n\t\t\t\t<\/div>\n\t\t\t\t<div class=\"elementor-element elementor-element-977a940 elementor-widget elementor-widget-heading\" data-id=\"977a940\" data-element_type=\"widget\" data-e-type=\"widget\" data-widget_type=\"heading.default\">\n\t\t\t\t<div class=\"elementor-widget-container\">\n\t\t\t\t\t<h3 class=\"elementor-heading-title elementor-size-default\">Shipping customer preparation orders\n\n<\/h3>\t\t\t\t<\/div>\n\t\t\t\t<\/div>\n\t\t\t\t<div class=\"elementor-element elementor-element-eb12834 elementor-widget elementor-widget-text-editor\" data-id=\"eb12834\" data-element_type=\"widget\" data-e-type=\"widget\" data-widget_type=\"text-editor.default\">\n\t\t\t\t<div class=\"elementor-widget-container\">\n\t\t\t\t\t\t\t\t\t<p>EasyLogistic offers the possibility of creating a delivery note directly in the software, optimizing the picking path according to location. It supports batch numbers, expiration dates, series and ranges. The software also manages packaging and containers (parcels, overpacks and pallets), and lets you send delivery information to the carrier and print the transport label. It also lets you optimize carrier costs, and print item labels, packing lists, delivery notes and invoices.<\/p>\t\t\t\t\t\t\t\t<\/div>\n\t\t\t\t<\/div>\n\t\t<div class=\"elementor-element elementor-element-19ead55 e-flex e-con-boxed e-con e-parent\" data-id=\"19ead55\" data-element_type=\"container\" data-e-type=\"container\">\n\t\t\t\t\t<div class=\"e-con-inner\">\n\t\t<div class=\"elementor-element elementor-element-2e922a3 e-con-full e-flex e-con e-parent\" data-id=\"2e922a3\" data-element_type=\"container\" data-e-type=\"container\">\n\t\t\t\t<div class=\"elementor-element elementor-element-8b6e01e elementor-widget elementor-widget-heading\" data-id=\"8b6e01e\" data-element_type=\"widget\" data-e-type=\"widget\" data-widget_type=\"heading.default\">\n\t\t\t\t<div class=\"elementor-widget-container\">\n\t\t\t\t\t<h3 class=\"elementor-heading-title elementor-size-default\">Operating modes and other features\n\n<\/h3>\t\t\t\t<\/div>\n\t\t\t\t<\/div>\n\t\t\t\t<div class=\"elementor-element elementor-element-964f35e elementor-widget elementor-widget-text-editor\" data-id=\"964f35e\" data-element_type=\"widget\" data-e-type=\"widget\" data-widget_type=\"text-editor.default\">\n\t\t\t\t<div class=\"elementor-widget-container\">\n\t\t\t\t\t\t\t\t\t<p>EasyLogistic offers three operating modes: Picking\/Packing, Picking then Packing, and Multi-order Picking\/Control and Packing. The software also facilitates data exchange with the carrier, automatically sending delivery information and printing transport labels.<\/p>\t\t\t\t\t\t\t\t<\/div>\n\t\t\t\t<\/div>\n\t\t\t\t<div class=\"elementor-element elementor-element-0cc79e2 elementor-widget elementor-widget-text-editor\" data-id=\"0cc79e2\" data-element_type=\"widget\" data-e-type=\"widget\" data-widget_type=\"text-editor.default\">\n\t\t\t\t<div class=\"elementor-widget-container\">\n\t\t\t\t\t\t\t\t\t<p>It also offers storage support with multi-location and multi-depot management, the possibility of transfer movements between locations and\/or depots, and the printing of item labels with barcodes.\u00a0<\/p><p><span style=\"text-align: var(--text-align); background-color: var(--nv-site-bg); color: var(--nv-text-color); font-family: var(--bodyfontfamily),var(--nv-fallback-ff); font-size: var(--bodyfontsize); font-weight: var(--bodyfontweight); letter-spacing: var(--bodyletterspacing); text-transform: var(--bodytexttransform);\">In addition, EasyLogistic supports physical inventories, whether global or rotating, with real-time stock queries. You can also run an Excel comparison of the inventory with the actual stock to detect discrepancies, and print the inventory from location to location.<\/span><\/p>\t\t\t\t\t\t\t\t<\/div>\n\t\t\t\t<\/div>\n\t\t\t\t<\/div>\n\t\t\t\t<div class=\"elementor-element elementor-element-c35e242 elementor-widget elementor-widget-image\" data-id=\"c35e242\" data-element_type=\"widget\" data-e-type=\"widget\" data-widget_type=\"image.default\">\n\t\t\t\t<div class=\"elementor-widget-container\">\n\t\t\t\t\t\t\t\t\t\t\t\t\t\t\t<img decoding=\"async\" width=\"1024\" height=\"683\" src=\"https:\/\/www.alternetis.fr\/wp-content\/uploads\/2023\/07\/Illustration-5-1024x683.png\" class=\"attachment-large size-large wp-image-974\" alt=\"Alternetis - Editeurs de solution m\u00e9tiers sur SAGE depuis 2009 - GROUPE SYSTEOS\" srcset=\"https:\/\/www.alternetis.fr\/wp-content\/uploads\/2023\/07\/Illustration-5-1024x683.png 1024w, https:\/\/www.alternetis.fr\/wp-content\/uploads\/2023\/07\/Illustration-5-300x200.png 300w, https:\/\/www.alternetis.fr\/wp-content\/uploads\/2023\/07\/Illustration-5-768x512.png 768w, https:\/\/www.alternetis.fr\/wp-content\/uploads\/2023\/07\/Illustration-5-1536x1024.png 1536w, https:\/\/www.alternetis.fr\/wp-content\/uploads\/2023\/07\/Illustration-5-2048x1365.png 2048w, https:\/\/www.alternetis.fr\/wp-content\/uploads\/2023\/07\/Illustration-5-18x12.png 18w, https:\/\/www.alternetis.fr\/wp-content\/uploads\/2023\/07\/Illustration-5-930x620.png 930w\" sizes=\"(max-width: 1024px) 100vw, 1024px\" \/>\t\t\t\t\t\t\t\t\t\t\t\t\t\t\t<\/div>\n\t\t\t\t<\/div>\n\t\t\t\t\t<\/div>\n\t\t\t\t<\/div>\n\t\t\t\t<div class=\"elementor-element elementor-element-c58bd4b elementor-widget elementor-widget-heading\" data-id=\"c58bd4b\" data-element_type=\"widget\" data-e-type=\"widget\" data-widget_type=\"heading.default\">\n\t\t\t\t<div class=\"elementor-widget-container\">\n\t\t\t\t\t<h3 class=\"elementor-heading-title elementor-size-default\">Other benefits of EasyLogistic<\/h3>\t\t\t\t<\/div>\n\t\t\t\t<\/div>\n\t\t\t\t<div class=\"elementor-element elementor-element-810b809 elementor-widget elementor-widget-text-editor\" data-id=\"810b809\" data-element_type=\"widget\" data-e-type=\"widget\" data-widget_type=\"text-editor.default\">\n\t\t\t\t<div class=\"elementor-widget-container\">\n\t\t\t\t\t\t\t\t\t<ul><li>Real-time synchronization for optimized stock management.<\/li><li>Optimized ergonomic interface for simplified use in the warehouse.<\/li><li>Management of serial numbers, batches and expiration dates.<\/li><li>Print item labels, location labels, carrier labels and packing lists.<\/li><li>EDI (Electronic Data Interchange) integration with carriers to avoid re-entering data on their platforms.<\/li><li>Enhanced traceability thanks to comprehensive management software.<\/li><\/ul>\t\t\t\t\t\t\t\t<\/div>\n\t\t\t\t<\/div>\n\t\t\t\t<div class=\"elementor-element elementor-element-e280894 elementor-widget__width-initial elementor-widget elementor-widget-text-editor\" data-id=\"e280894\" data-element_type=\"widget\" data-e-type=\"widget\" data-widget_type=\"text-editor.default\">\n\t\t\t\t<div class=\"elementor-widget-container\">\n\t\t\t\t\t\t\t\t\t<p>EasyLogistic is the ideal solution for efficient inventory management. Take advantage of real-time synchronization, optimized ergonomics and advanced functionalities for enhanced traceability of your logistics operations.<\/p>\t\t\t\t\t\t\t\t<\/div>\n\t\t\t\t<\/div>\n\t\t\t\t\t<\/div>\n\t\t\t\t<\/div>\n\t\t<div class=\"elementor-element elementor-element-e3824aa e-flex e-con-boxed e-con e-parent\" data-id=\"e3824aa\" data-element_type=\"container\" data-e-type=\"container\">\n\t\t\t\t\t<div class=\"e-con-inner\">\n\t\t<div class=\"elementor-element elementor-element-3a1a230 e-flex e-con-boxed e-con e-parent\" data-id=\"3a1a230\" data-element_type=\"container\" data-e-type=\"container\">\n\t\t\t\t\t<div class=\"e-con-inner\">\n\t\t<div class=\"elementor-element elementor-element-36d4bbd e-flex e-con-boxed e-con e-parent\" data-id=\"36d4bbd\" data-element_type=\"container\" data-e-type=\"container\">\n\t\t\t\t\t<div class=\"e-con-inner\">\n\t\t\t\t<div class=\"elementor-element elementor-element-e32547d elementor-widget elementor-widget-text-editor\" data-id=\"e32547d\" data-element_type=\"widget\" data-e-type=\"widget\" data-widget_type=\"text-editor.default\">\n\t\t\t\t<div class=\"elementor-widget-container\">\n\t\t\t\t\t\t\t\t\t<p>Interested in a solution?<\/p>\t\t\t\t\t\t\t\t<\/div>\n\t\t\t\t<\/div>\n\t\t\t\t<div class=\"elementor-element elementor-element-0b4da9b elementor-widget elementor-widget-heading\" data-id=\"0b4da9b\" data-element_type=\"widget\" data-e-type=\"widget\" data-widget_type=\"heading.default\">\n\t\t\t\t<div class=\"elementor-widget-container\">\n\t\t\t\t\t<h2 class=\"elementor-heading-title elementor-size-default\">Contact us<\/h2>\t\t\t\t<\/div>\n\t\t\t\t<\/div>\n\t\t\t\t\t<\/div>\n\t\t\t\t<\/div>\n\t\t\t\t<div class=\"elementor-element elementor-element-d61a5c7 elementor-widget elementor-widget-text-editor\" data-id=\"d61a5c7\" data-element_type=\"widget\" data-e-type=\"widget\" data-widget_type=\"text-editor.default\">\n\t\t\t\t<div class=\"elementor-widget-container\">\n\t\t\t\t\t\t\t\t\t<p>Would you like to request a software demo or learn more?<br \/>We're always happy to discuss these matters by phone or over a cup of coffee.<\/p>\t\t\t\t\t\t\t\t<\/div>\n\t\t\t\t<\/div>\n\t\t\t\t<div class=\"elementor-element elementor-element-e5dbbe7 elementor-align-center elementor-widget elementor-widget-button\" data-id=\"e5dbbe7\" data-element_type=\"widget\" data-e-type=\"widget\" data-widget_type=\"button.default\">\n\t\t\t\t<div class=\"elementor-widget-container\">\n\t\t\t\t\t\t\t\t\t<div class=\"elementor-button-wrapper\">\n\t\t\t\t\t<a class=\"elementor-button elementor-button-link elementor-size-md\" href=\"\/en\/contact\/\">\n\t\t\t\t\t\t<span class=\"elementor-button-content-wrapper\">\n\t\t\t\t\t\t\t\t\t<span class=\"elementor-button-text\">Get in touch<\/span>\n\t\t\t\t\t<\/span>\n\t\t\t\t\t<\/a>\n\t\t\t\t<\/div>\n\t\t\t\t\t\t\t\t<\/div>\n\t\t\t\t<\/div>\n\t\t\t\t\t<\/div>\n\t\t\t\t<\/div>\n\t\t<div class=\"elementor-element elementor-element-333e1a0 e-con-full e-flex e-con e-parent\" data-id=\"333e1a0\" data-element_type=\"container\" data-e-type=\"container\">\n\t\t\t\t<div class=\"elementor-element elementor-element-55cf0b0 elementor-absolute elementor-widget elementor-widget-image\" data-id=\"55cf0b0\" data-element_type=\"widget\" data-e-type=\"widget\" data-settings=\"{&quot;_position&quot;:&quot;absolute&quot;}\" data-widget_type=\"image.default\">\n\t\t\t\t<div class=\"elementor-widget-container\">\n\t\t\t\t\t\t\t\t\t\t\t\t\t\t\t<img decoding=\"async\" width=\"68\" height=\"99\" src=\"https:\/\/www.alternetis.fr\/wp-content\/uploads\/2023\/07\/Particles-vector.svg\" class=\"attachment-large size-large wp-image-324\" alt=\"Alternetis - Editeurs de solution m\u00e9tiers sur SAGE depuis 2009 - GROUPE SYSTEOS\" \/>\t\t\t\t\t\t\t\t\t\t\t\t\t\t\t<\/div>\n\t\t\t\t<\/div>\n\t\t\t\t<div class=\"elementor-element elementor-element-442e3c4 e-transform elementor-widget elementor-widget-image\" data-id=\"442e3c4\" data-element_type=\"widget\" data-e-type=\"widget\" data-settings=\"{&quot;_transform_flipX_effect&quot;:&quot;transform&quot;}\" data-widget_type=\"image.default\">\n\t\t\t\t<div class=\"elementor-widget-container\">\n\t\t\t\t\t\t\t\t\t\t\t\t\t\t\t<img loading=\"lazy\" decoding=\"async\" width=\"768\" height=\"1152\" src=\"https:\/\/www.alternetis.fr\/wp-content\/uploads\/2023\/07\/Contact-Us-768x1152.jpg\" class=\"attachment-medium_large size-medium_large wp-image-264\" alt=\"Alternetis - Extentions pour SAGE 100\" srcset=\"https:\/\/www.alternetis.fr\/wp-content\/uploads\/2023\/07\/Contact-Us-768x1152.jpg 768w, https:\/\/www.alternetis.fr\/wp-content\/uploads\/2023\/07\/Contact-Us-200x300.jpg 200w, https:\/\/www.alternetis.fr\/wp-content\/uploads\/2023\/07\/Contact-Us-683x1024.jpg 683w, https:\/\/www.alternetis.fr\/wp-content\/uploads\/2023\/07\/Contact-Us-1024x1536.jpg 1024w, https:\/\/www.alternetis.fr\/wp-content\/uploads\/2023\/07\/Contact-Us-1365x2048.jpg 1365w, https:\/\/www.alternetis.fr\/wp-content\/uploads\/2023\/07\/Contact-Us-8x12.jpg 8w, https:\/\/www.alternetis.fr\/wp-content\/uploads\/2023\/07\/Contact-Us-scaled.jpg 1707w\" sizes=\"(max-width: 768px) 100vw, 768px\" \/>\t\t\t\t\t\t\t\t\t\t\t\t\t\t\t<\/div>\n\t\t\t\t<\/div>\n\t\t\t\t<div class=\"elementor-element elementor-element-58ce0a9 elementor-absolute elementor-hidden-mobile elementor-widget elementor-widget-html\" data-id=\"58ce0a9\" data-element_type=\"widget\" data-e-type=\"widget\" data-settings=\"{&quot;_position&quot;:&quot;absolute&quot;}\" data-widget_type=\"html.default\">\n\t\t\t\t<div class=\"elementor-widget-container\">\n\t\t\t\t\t<div class=\"decorative-rectangle\" style=\"    width: 18rem;    height: 25.375rem; flex-shrink: 0; background-color: rgba(236, 237, 238, 0.95) ;}\">\n    <style>\n    \n    width: 18rem;\n    height: 25,375rem;\n    \n    <\/style>\n<\/div>\t\t\t\t<\/div>\n\t\t\t\t<\/div>\n\t\t\t\t<\/div>\n\t\t\t\t\t<\/div>\n\t\t\t\t<\/div>\n\t\t\t\t<\/div>","protected":false},"excerpt":{"rendered":"<p>EasyLogistic G\u00c9REZ VOTRE STOCK AVEC FACILIT\u00c9 GR\u00c2CE \u00c0 EASYLOGISTIC EasyLogistic est un logiciel WMS con\u00e7u pour simplifier et fiabiliser vos op\u00e9rations d&rsquo;exp\u00e9dition et de r\u00e9ception. Avec une interface ergonomique optimis\u00e9e pour une utilisation en entrep\u00f4t, EasyLogistic offre une exp\u00e9rience utilisateur facile et intuitive. Le logiciel est adapt\u00e9 \u00e0 tout type de support, que ce soit&hellip;&nbsp;<a href=\"https:\/\/www.alternetis.fr\/en\/applications\/easylogistic\/\" rel=\"bookmark\">Read More &raquo;<span class=\"screen-reader-text\">EasyLogistic<\/span><\/a><\/p>","protected":false},"author":3,"featured_media":0,"parent":80,"menu_order":0,"comment_status":"closed","ping_status":"closed","template":"page-templates\/template-pagebuilder-full-width.php","meta":{"om_disable_all_campaigns":false,"_monsterinsights_skip_tracking":false,"_monsterinsights_sitenote_active":false,"_monsterinsights_sitenote_note":"","_monsterinsights_sitenote_category":0,"neve_meta_sidebar":"","neve_meta_container":"","neve_meta_enable_content_width":"","neve_meta_content_width":0,"neve_meta_title_alignment":"","neve_meta_author_avatar":"","neve_post_elements_order":"","neve_meta_disable_header":"","neve_meta_disable_footer":"","neve_meta_disable_title":"","footnotes":""},"class_list":["post-546","page","type-page","status-publish","hentry"],"aioseo_notices":[],"jetpack_sharing_enabled":true,"_links":{"self":[{"href":"https:\/\/www.alternetis.fr\/en\/wp-json\/wp\/v2\/pages\/546","targetHints":{"allow":["GET"]}}],"collection":[{"href":"https:\/\/www.alternetis.fr\/en\/wp-json\/wp\/v2\/pages"}],"about":[{"href":"https:\/\/www.alternetis.fr\/en\/wp-json\/wp\/v2\/types\/page"}],"author":[{"embeddable":true,"href":"https:\/\/www.alternetis.fr\/en\/wp-json\/wp\/v2\/users\/3"}],"replies":[{"embeddable":true,"href":"https:\/\/www.alternetis.fr\/en\/wp-json\/wp\/v2\/comments?post=546"}],"version-history":[{"count":37,"href":"https:\/\/www.alternetis.fr\/en\/wp-json\/wp\/v2\/pages\/546\/revisions"}],"predecessor-version":[{"id":1167,"href":"https:\/\/www.alternetis.fr\/en\/wp-json\/wp\/v2\/pages\/546\/revisions\/1167"}],"up":[{"embeddable":true,"href":"https:\/\/www.alternetis.fr\/en\/wp-json\/wp\/v2\/pages\/80"}],"wp:attachment":[{"href":"https:\/\/www.alternetis.fr\/en\/wp-json\/wp\/v2\/media?parent=546"}],"curies":[{"name":"wp","href":"https:\/\/api.w.org\/{rel}","templated":true}]}}