{"id":490,"date":"2023-07-11T09:49:35","date_gmt":"2023-07-11T07:49:35","guid":{"rendered":"https:\/\/dev.alternetis.fr\/?page_id=490"},"modified":"2023-07-28T11:11:51","modified_gmt":"2023-07-28T09:11:51","slug":"easydemat100","status":"publish","type":"page","link":"https:\/\/www.alternetis.fr\/en\/applications\/easydemat100\/","title":{"rendered":"EasyDemat 100"},"content":{"rendered":"<div data-elementor-type=\"wp-page\" data-elementor-id=\"490\" class=\"elementor elementor-490\" data-elementor-post-type=\"page\">\n\t\t\t\t<div class=\"elementor-element elementor-element-9c8ad86 e-con-full e-flex e-con e-parent\" data-id=\"9c8ad86\" data-element_type=\"container\" data-e-type=\"container\" data-settings=\"{&quot;background_background&quot;:&quot;classic&quot;}\">\n\t\t\t\t<div class=\"elementor-element elementor-element-7c62f4e elementor-widget elementor-widget-heading\" data-id=\"7c62f4e\" data-element_type=\"widget\" data-e-type=\"widget\" data-widget_type=\"heading.default\">\n\t\t\t\t<div class=\"elementor-widget-container\">\n\t\t\t\t\t<h1 class=\"elementor-heading-title elementor-size-default\">EasyDemat<\/h1>\t\t\t\t<\/div>\n\t\t\t\t<\/div>\n\t\t\t\t<\/div>\n\t\t<div class=\"elementor-element elementor-element-1ab6618 e-flex e-con-boxed e-con e-parent\" data-id=\"1ab6618\" data-element_type=\"container\" data-e-type=\"container\">\n\t\t\t\t\t<div class=\"e-con-inner\">\n\t\t\t\t<div class=\"elementor-element elementor-element-a489c56 elementor-widget elementor-widget-heading\" data-id=\"a489c56\" data-element_type=\"widget\" data-e-type=\"widget\" data-widget_type=\"heading.default\">\n\t\t\t\t<div class=\"elementor-widget-container\">\n\t\t\t\t\t<h2 class=\"elementor-heading-title elementor-size-default\">SIGNIFICANT OPTIMIZATION OF YOUR CUSTOMER AND PARTNER RELATIONS<\/h2>\t\t\t\t<\/div>\n\t\t\t\t<\/div>\n\t\t\t\t<div class=\"elementor-element elementor-element-6427e3e elementor-widget__width-initial elementor-widget elementor-widget-text-editor\" data-id=\"6427e3e\" data-element_type=\"widget\" data-e-type=\"widget\" data-widget_type=\"text-editor.default\">\n\t\t\t\t<div class=\"elementor-widget-container\">\n\t\t\t\t\t\t\t\t\t<p>In a world where customer expectations are constantly evolving, it is essential to use all available channels to optimize and maximize customer relations. EasyDemat is a solution for dematerializing invoices and third-party statements, specially designed for Sage 100c users.<\/p>\t\t\t\t\t\t\t\t<\/div>\n\t\t\t\t<\/div>\n\t\t<div class=\"elementor-element elementor-element-f25b894 e-flex e-con-boxed e-con e-parent\" data-id=\"f25b894\" data-element_type=\"container\" data-e-type=\"container\">\n\t\t\t\t\t<div class=\"e-con-inner\">\n\t\t<div class=\"elementor-element elementor-element-91832e5 e-con-full e-flex e-con e-parent\" data-id=\"91832e5\" data-element_type=\"container\" data-e-type=\"container\">\n\t\t\t\t<div class=\"elementor-element elementor-element-76f8edd elementor-widget elementor-widget-heading\" data-id=\"76f8edd\" data-element_type=\"widget\" data-e-type=\"widget\" data-widget_type=\"heading.default\">\n\t\t\t\t<div class=\"elementor-widget-container\">\n\t\t\t\t\t<h3 class=\"elementor-heading-title elementor-size-default\">Improve your customer relations with EasyDemat<\/h3>\t\t\t\t<\/div>\n\t\t\t\t<\/div>\n\t\t\t\t<div class=\"elementor-element elementor-element-c774ab0 elementor-widget elementor-widget-text-editor\" data-id=\"c774ab0\" data-element_type=\"widget\" data-e-type=\"widget\" data-widget_type=\"text-editor.default\">\n\t\t\t\t<div class=\"elementor-widget-container\">\n\t\t\t\t\t\t\t\t\t<p>With EasyDemat, you can benefit from a secure platform accessible 24 hours a day, enabling you to optimize and streamline your customer relations. By switching to electronic invoicing, you can make significant savings by reducing printing costs, while speeding up payment and collection times.<\/p><p>EasyDemat provides a new channel for interacting with your customers, complementing your traditional service. With an attractive design that can be customized to your image, you can effectively communicate your news and promotions via a dedicated home page. What's more, you have easy access to electronic invoices (e-invoices) and PDF duplicates, as well as your current contracts, sales contacts and other essential information.<\/p>\t\t\t\t\t\t\t\t<\/div>\n\t\t\t\t<\/div>\n\t\t\t\t<\/div>\n\t\t\t\t<div class=\"elementor-element elementor-element-978657f elementor-widget elementor-widget-image\" data-id=\"978657f\" data-element_type=\"widget\" data-e-type=\"widget\" data-widget_type=\"image.default\">\n\t\t\t\t<div class=\"elementor-widget-container\">\n\t\t\t\t\t\t\t\t\t\t\t\t\t\t\t<img fetchpriority=\"high\" decoding=\"async\" width=\"768\" height=\"551\" src=\"https:\/\/www.alternetis.fr\/wp-content\/uploads\/2023\/07\/Illustration-2-768x551.png\" class=\"attachment-medium_large size-medium_large wp-image-945\" alt=\"Alternetis - Editeurs de solution mestiers sur SAGE depuis 2009\" srcset=\"https:\/\/www.alternetis.fr\/wp-content\/uploads\/2023\/07\/Illustration-2-768x551.png 768w, https:\/\/www.alternetis.fr\/wp-content\/uploads\/2023\/07\/Illustration-2-300x215.png 300w, https:\/\/www.alternetis.fr\/wp-content\/uploads\/2023\/07\/Illustration-2-1024x735.png 1024w, https:\/\/www.alternetis.fr\/wp-content\/uploads\/2023\/07\/Illustration-2-1536x1102.png 1536w, https:\/\/www.alternetis.fr\/wp-content\/uploads\/2023\/07\/Illustration-2-2048x1470.png 2048w, https:\/\/www.alternetis.fr\/wp-content\/uploads\/2023\/07\/Illustration-2-18x12.png 18w\" sizes=\"(max-width: 768px) 100vw, 768px\" \/>\t\t\t\t\t\t\t\t\t\t\t\t\t\t\t<\/div>\n\t\t\t\t<\/div>\n\t\t\t\t\t<\/div>\n\t\t\t\t<\/div>\n\t\t\t\t<div class=\"elementor-element elementor-element-36fe4b1 elementor-widget elementor-widget-heading\" data-id=\"36fe4b1\" data-element_type=\"widget\" data-e-type=\"widget\" data-widget_type=\"heading.default\">\n\t\t\t\t<div class=\"elementor-widget-container\">\n\t\t\t\t\t<h3 class=\"elementor-heading-title elementor-size-default\">EasyDemat's main features<\/h3>\t\t\t\t<\/div>\n\t\t\t\t<\/div>\n\t\t\t\t<div class=\"elementor-element elementor-element-a876658 elementor-widget elementor-widget-text-editor\" data-id=\"a876658\" data-element_type=\"widget\" data-e-type=\"widget\" data-widget_type=\"text-editor.default\">\n\t\t\t\t<div class=\"elementor-widget-container\">\n\t\t\t\t\t\t\t\t\t<p>EasyDemat's main features include:<\/p><ul><li>An attractive design that can be customized to your image for effective communication.<\/li><li>A dedicated home page to highlight your news and promotions.<\/li><li>Easy access to electronic invoices (e-invoices) and PDF duplicates for simplified management.<\/li><li>View your current contracts, commercial and administrative contacts, for a complete overview of your business.<\/li><\/ul>\t\t\t\t\t\t\t\t<\/div>\n\t\t\t\t<\/div>\n\t\t\t\t<div class=\"elementor-element elementor-element-5f0d0ed elementor-widget elementor-widget-image\" data-id=\"5f0d0ed\" data-element_type=\"widget\" data-e-type=\"widget\" data-widget_type=\"image.default\">\n\t\t\t\t<div class=\"elementor-widget-container\">\n\t\t\t\t\t\t\t\t\t\t\t\t\t\t\t<img decoding=\"async\" width=\"715\" height=\"275\" src=\"https:\/\/www.alternetis.fr\/wp-content\/uploads\/2023\/07\/Interface-EasyDemat.jpg\" class=\"attachment-medium_large size-medium_large wp-image-1008\" alt=\"Menu d&#039;EasyDemat : Assistance, Suivi comptable, Factures et Mes interlocuteurs\" srcset=\"https:\/\/www.alternetis.fr\/wp-content\/uploads\/2023\/07\/Interface-EasyDemat.jpg 715w, https:\/\/www.alternetis.fr\/wp-content\/uploads\/2023\/07\/Interface-EasyDemat-300x115.jpg 300w, https:\/\/www.alternetis.fr\/wp-content\/uploads\/2023\/07\/Interface-EasyDemat-18x7.jpg 18w\" sizes=\"(max-width: 715px) 100vw, 715px\" \/>\t\t\t\t\t\t\t\t\t\t\t\t\t\t\t<\/div>\n\t\t\t\t<\/div>\n\t\t\t\t<div class=\"elementor-element elementor-element-674092f elementor-widget__width-initial elementor-widget elementor-widget-text-editor\" data-id=\"674092f\" data-element_type=\"widget\" data-e-type=\"widget\" data-widget_type=\"text-editor.default\">\n\t\t\t\t<div class=\"elementor-widget-container\">\n\t\t\t\t\t\t\t\t\t<p>When you choose EasyDemat, you get a head start in the transition to electronic invoicing and optimize your customer relations. Simplify your processes, reduce your costs and improve your efficiency with our EasyDemat solution for dematerializing invoices and third-party statements.<\/p>\t\t\t\t\t\t\t\t<\/div>\n\t\t\t\t<\/div>\n\t\t\t\t\t<\/div>\n\t\t\t\t<\/div>\n\t\t<div class=\"elementor-element elementor-element-84fdc7b e-flex e-con-boxed e-con e-parent\" data-id=\"84fdc7b\" data-element_type=\"container\" data-e-type=\"container\">\n\t\t\t\t\t<div class=\"e-con-inner\">\n\t\t<div class=\"elementor-element elementor-element-b6fd405 e-flex e-con-boxed e-con e-parent\" data-id=\"b6fd405\" data-element_type=\"container\" data-e-type=\"container\">\n\t\t\t\t\t<div class=\"e-con-inner\">\n\t\t<div class=\"elementor-element elementor-element-02e7346 e-flex e-con-boxed e-con e-parent\" data-id=\"02e7346\" data-element_type=\"container\" data-e-type=\"container\">\n\t\t\t\t\t<div class=\"e-con-inner\">\n\t\t\t\t<div class=\"elementor-element elementor-element-379dd30 elementor-widget elementor-widget-text-editor\" data-id=\"379dd30\" data-element_type=\"widget\" data-e-type=\"widget\" data-widget_type=\"text-editor.default\">\n\t\t\t\t<div class=\"elementor-widget-container\">\n\t\t\t\t\t\t\t\t\t<p>Interested in a solution?<\/p>\t\t\t\t\t\t\t\t<\/div>\n\t\t\t\t<\/div>\n\t\t\t\t<div class=\"elementor-element elementor-element-ed6065b elementor-widget elementor-widget-heading\" data-id=\"ed6065b\" data-element_type=\"widget\" data-e-type=\"widget\" data-widget_type=\"heading.default\">\n\t\t\t\t<div class=\"elementor-widget-container\">\n\t\t\t\t\t<h2 class=\"elementor-heading-title elementor-size-default\">Contact us<\/h2>\t\t\t\t<\/div>\n\t\t\t\t<\/div>\n\t\t\t\t\t<\/div>\n\t\t\t\t<\/div>\n\t\t\t\t<div class=\"elementor-element elementor-element-86efceb elementor-widget elementor-widget-text-editor\" data-id=\"86efceb\" data-element_type=\"widget\" data-e-type=\"widget\" data-widget_type=\"text-editor.default\">\n\t\t\t\t<div class=\"elementor-widget-container\">\n\t\t\t\t\t\t\t\t\t<p>Would you like to request a software demo or learn more?<br \/>We're always happy to discuss these matters by phone or over a cup of coffee.<\/p>\t\t\t\t\t\t\t\t<\/div>\n\t\t\t\t<\/div>\n\t\t\t\t<div class=\"elementor-element elementor-element-adef518 elementor-align-center elementor-widget elementor-widget-button\" data-id=\"adef518\" data-element_type=\"widget\" data-e-type=\"widget\" data-widget_type=\"button.default\">\n\t\t\t\t<div class=\"elementor-widget-container\">\n\t\t\t\t\t\t\t\t\t<div class=\"elementor-button-wrapper\">\n\t\t\t\t\t<a class=\"elementor-button elementor-button-link elementor-size-md\" href=\"\/en\/contact\/\">\n\t\t\t\t\t\t<span class=\"elementor-button-content-wrapper\">\n\t\t\t\t\t\t\t\t\t<span class=\"elementor-button-text\">Get in touch<\/span>\n\t\t\t\t\t<\/span>\n\t\t\t\t\t<\/a>\n\t\t\t\t<\/div>\n\t\t\t\t\t\t\t\t<\/div>\n\t\t\t\t<\/div>\n\t\t\t\t\t<\/div>\n\t\t\t\t<\/div>\n\t\t<div class=\"elementor-element elementor-element-7fc0ab0 e-con-full e-flex e-con e-parent\" data-id=\"7fc0ab0\" data-element_type=\"container\" data-e-type=\"container\">\n\t\t\t\t<div class=\"elementor-element elementor-element-d00ff83 elementor-absolute elementor-widget elementor-widget-image\" data-id=\"d00ff83\" data-element_type=\"widget\" data-e-type=\"widget\" data-settings=\"{&quot;_position&quot;:&quot;absolute&quot;}\" data-widget_type=\"image.default\">\n\t\t\t\t<div class=\"elementor-widget-container\">\n\t\t\t\t\t\t\t\t\t\t\t\t\t\t\t<img decoding=\"async\" width=\"68\" height=\"99\" src=\"https:\/\/www.alternetis.fr\/wp-content\/uploads\/2023\/07\/Particles-vector.svg\" class=\"attachment-large size-large wp-image-324\" alt=\"Alternetis - Editeurs de solution m\u00e9tiers sur SAGE depuis 2009 - GROUPE SYSTEOS\" \/>\t\t\t\t\t\t\t\t\t\t\t\t\t\t\t<\/div>\n\t\t\t\t<\/div>\n\t\t\t\t<div class=\"elementor-element elementor-element-bfbf7c2 e-transform elementor-widget elementor-widget-image\" data-id=\"bfbf7c2\" data-element_type=\"widget\" data-e-type=\"widget\" data-settings=\"{&quot;_transform_flipX_effect&quot;:&quot;transform&quot;}\" data-widget_type=\"image.default\">\n\t\t\t\t<div class=\"elementor-widget-container\">\n\t\t\t\t\t\t\t\t\t\t\t\t\t\t\t<img loading=\"lazy\" decoding=\"async\" width=\"768\" height=\"1152\" src=\"https:\/\/www.alternetis.fr\/wp-content\/uploads\/2023\/07\/Contact-Us-768x1152.jpg\" class=\"attachment-medium_large size-medium_large wp-image-264\" alt=\"Alternetis - Extentions pour SAGE 100\" srcset=\"https:\/\/www.alternetis.fr\/wp-content\/uploads\/2023\/07\/Contact-Us-768x1152.jpg 768w, https:\/\/www.alternetis.fr\/wp-content\/uploads\/2023\/07\/Contact-Us-200x300.jpg 200w, https:\/\/www.alternetis.fr\/wp-content\/uploads\/2023\/07\/Contact-Us-683x1024.jpg 683w, https:\/\/www.alternetis.fr\/wp-content\/uploads\/2023\/07\/Contact-Us-1024x1536.jpg 1024w, https:\/\/www.alternetis.fr\/wp-content\/uploads\/2023\/07\/Contact-Us-1365x2048.jpg 1365w, https:\/\/www.alternetis.fr\/wp-content\/uploads\/2023\/07\/Contact-Us-8x12.jpg 8w, https:\/\/www.alternetis.fr\/wp-content\/uploads\/2023\/07\/Contact-Us-scaled.jpg 1707w\" sizes=\"(max-width: 768px) 100vw, 768px\" \/>\t\t\t\t\t\t\t\t\t\t\t\t\t\t\t<\/div>\n\t\t\t\t<\/div>\n\t\t\t\t<div class=\"elementor-element elementor-element-ba7fc5a elementor-absolute elementor-hidden-mobile elementor-widget elementor-widget-html\" data-id=\"ba7fc5a\" data-element_type=\"widget\" data-e-type=\"widget\" data-settings=\"{&quot;_position&quot;:&quot;absolute&quot;}\" data-widget_type=\"html.default\">\n\t\t\t\t<div class=\"elementor-widget-container\">\n\t\t\t\t\t<div class=\"decorative-rectangle\" style=\"    width: 18rem;    height: 25.375rem; flex-shrink: 0; background-color: rgba(236, 237, 238, 0.95) ;}\">\n    <style>\n    \n    width: 18rem;\n    height: 25,375rem;\n    \n    <\/style>\n<\/div>\t\t\t\t<\/div>\n\t\t\t\t<\/div>\n\t\t\t\t<\/div>\n\t\t\t\t\t<\/div>\n\t\t\t\t<\/div>\n\t\t\t\t<\/div>","protected":false},"excerpt":{"rendered":"<p>EasyDemat UNE OPTIMISATION SIGNIFICATIVE DE VOTRE RELATIONNEL CLIENT OU PARTENAIRE Dans un monde o\u00f9 les attentes des clients sont en constante \u00e9volution, il est essentiel d&rsquo;utiliser tous les canaux disponibles pour optimiser et maximiser la relation client. EasyDemat est une solution de d\u00e9mat\u00e9rialisation de factures et extraits tiers sp\u00e9cialement con\u00e7ue pour les utilisateurs de Sage&hellip;&nbsp;<a href=\"https:\/\/www.alternetis.fr\/en\/applications\/easydemat100\/\" rel=\"bookmark\">Read More &raquo;<span class=\"screen-reader-text\">EasyDemat 100<\/span><\/a><\/p>","protected":false},"author":3,"featured_media":0,"parent":80,"menu_order":0,"comment_status":"closed","ping_status":"closed","template":"page-templates\/template-pagebuilder-full-width.php","meta":{"om_disable_all_campaigns":false,"_monsterinsights_skip_tracking":false,"_monsterinsights_sitenote_active":false,"_monsterinsights_sitenote_note":"","_monsterinsights_sitenote_category":0,"neve_meta_sidebar":"","neve_meta_container":"","neve_meta_enable_content_width":"","neve_meta_content_width":0,"neve_meta_title_alignment":"","neve_meta_author_avatar":"","neve_post_elements_order":"","neve_meta_disable_header":"","neve_meta_disable_footer":"","neve_meta_disable_title":"","footnotes":""},"class_list":["post-490","page","type-page","status-publish","hentry"],"aioseo_notices":[],"jetpack_sharing_enabled":true,"_links":{"self":[{"href":"https:\/\/www.alternetis.fr\/en\/wp-json\/wp\/v2\/pages\/490","targetHints":{"allow":["GET"]}}],"collection":[{"href":"https:\/\/www.alternetis.fr\/en\/wp-json\/wp\/v2\/pages"}],"about":[{"href":"https:\/\/www.alternetis.fr\/en\/wp-json\/wp\/v2\/types\/page"}],"author":[{"embeddable":true,"href":"https:\/\/www.alternetis.fr\/en\/wp-json\/wp\/v2\/users\/3"}],"replies":[{"embeddable":true,"href":"https:\/\/www.alternetis.fr\/en\/wp-json\/wp\/v2\/comments?post=490"}],"version-history":[{"count":30,"href":"https:\/\/www.alternetis.fr\/en\/wp-json\/wp\/v2\/pages\/490\/revisions"}],"predecessor-version":[{"id":1227,"href":"https:\/\/www.alternetis.fr\/en\/wp-json\/wp\/v2\/pages\/490\/revisions\/1227"}],"up":[{"embeddable":true,"href":"https:\/\/www.alternetis.fr\/en\/wp-json\/wp\/v2\/pages\/80"}],"wp:attachment":[{"href":"https:\/\/www.alternetis.fr\/en\/wp-json\/wp\/v2\/media?parent=490"}],"curies":[{"name":"wp","href":"https:\/\/api.w.org\/{rel}","templated":true}]}}